{"id":3,"date":"2021-05-10T13:51:11","date_gmt":"2021-05-10T11:51:11","guid":{"rendered":"https:\/\/nume.plus\/?page_id=3"},"modified":"2023-12-15T09:20:08","modified_gmt":"2023-12-15T08:20:08","slug":"privacy-policy","status":"publish","type":"page","link":"https:\/\/nume.plus\/en\/privacy-policy\/","title":{"rendered":"Privacy policy"},"content":{"rendered":"<section id=\"bt_bb_section69e59e41c758b\" class=\"bt_bb_section bt_bb_layout_boxed_1200 bt_bb_vertical_align_top bt_bb_bottom_section_coverage_image bt_bb_section_with_bottom_coverage_image\"  data-bt-override-class=\"null\"><div class=\"bt_bb_port\"><div class=\"bt_bb_cell\"><div class=\"bt_bb_cell_inner\"><div class=\"bt_bb_row \"  data-bt-override-class=\"{}\"><div class=\"bt_bb_row_holder\" ><div  class=\"bt_bb_column col-xxl-12 col-xl-12 col-xs-12 col-sm-12 col-md-12 col-lg-12 bt_bb_vertical_align_top bt_bb_align_left bt_bb_padding_text_indent\" style=\"; --column-width:12;\" data-width=\"12\" data-bt-override-class=\"{&quot;bt_bb_align_&quot;:{&quot;current_class&quot;:&quot;bt_bb_align_left&quot;,&quot;def&quot;:&quot;left&quot;,&quot;xl&quot;:&quot;left&quot;}}\"><div class=\"bt_bb_column_content\"><div class=\"bt_bb_column_content_inner\"><div class=\"bt_bb_separator bt_bb_border_style_none bt_bb_top_spacing_medium\" data-bt-override-class=\"null\"><\/div><\/div><\/div><\/div><\/div><\/div><div class=\"bt_bb_row \"  data-bt-override-class=\"{}\"><div class=\"bt_bb_row_holder\" ><div  class=\"bt_bb_column col-xxl-12 col-xl-12 col-xs-12 col-sm-12 col-md-12 col-lg-12 bt_bb_vertical_align_top bt_bb_align_left bt_bb_padding_text_indent bt_bb_highlight\" style=\"; --column-width:12;\" data-width=\"12\" data-bt-override-class=\"{&quot;bt_bb_align_&quot;:{&quot;current_class&quot;:&quot;bt_bb_align_left&quot;,&quot;def&quot;:&quot;left&quot;,&quot;xl&quot;:&quot;left&quot;}}\"><div class=\"bt_bb_column_content\" style=\"background-color:rgb(245,245,245);\"><div class=\"bt_bb_column_content_inner\"><div  class=\"bt_bb_text\" ><\/p>\n<h1 class=\"entry-title main_title wp-block-heading\"><span style=\"color: #496096;\">Informativa<\/span><\/h1>\n<div class=\"entry-content\">\n<p><span style=\"color: #64c3d7;\"><strong>INFORMATIVA PRIVACY e COOKIE POLICY<\/strong><\/span><\/p>\n<p><span style=\"color: #64c3d7;\"><strong>Informativa dei dati ai sensi degli Articoli 13 e 14 Reg. UE 679\/2016 [GDPR]<\/strong><\/span><\/p>\n<\/div>\n<p><strong>Chi siamo e cosa facciamo dei tuoi dati personali?<\/strong><\/p>\n<p>Nume Plus S.r.l., con sede in 50127 Firenze (FI), via Panciatichi, 40\/11, (di seguito anche Il Titolare), in qualit\u00e0 di titolare del trattamento, si preoccupa della riservatezza dei tuoi dati personali e di garantire ad essi la protezione necessaria da ogni evento che possa metterli a rischio di violazione.<\/p>\n<p>Il Titolare mette in pratica al fine policy e prassi aventi riguardo alla raccolta e all\u2019utilizzo dei dati personali e all\u2019esercizio dei diritti che ti sono riconosciuti dalla normativa applicabile. Il Titolare ha cura di aggiornare le policy e le prassi adottate per la protezione dei dati personali ogni volta che ci\u00f2 si renda necessario e comunque in caso di modifiche normative e organizzative che possano incidere sui trattamenti dei tuoi dati personali.<\/p>\n<p>Il Titolare ha nominato un responsabile della protezione dei dati o data protection officer (RPD o DPO) che puoi contattare se hai domande sulle policy e le prassi adottate.<\/p>\n<p>Puoi contattare il RPD\/DPO all\u2019indirizzo <a href=\"mailto:dpo@nume.plus\">dpo@nume.plus<\/a><\/p>\n<p><strong>Come raccoglie e tratta i tuoi dati il Titolare?<\/strong><\/p>\n<p>Le informazioni personali che ti riguardano saranno trattate per:<\/p>\n<ul>\n<li><strong>La navigazione del sito nume.plus<\/strong><\/li>\n<\/ul>\n<p>Il trattamento dei tuoi dati personali, quali dati di navigazione ad es. l\u2019indirizzo IP e cookie rilasciati mediante la navigazione del sito nume.plus sono trattati dal Titolare per dar seguito alla gestione del sito e per raccogliere informazioni anche di natura aggregata.<\/p>\n<p>I tuoi dati personali non saranno in alcun modo diffusi o divulgati verso soggetti indeterminati.<\/p>\n<p><strong>\u00a0<\/strong><\/p>\n<ul>\n<li><strong>La comunicazione a terzi e destinatari <\/strong><\/li>\n<\/ul>\n<p>La comunicazione dei tuoi dati personali avviene principalmente nei confronti di terzi e\/o destinatari la cui attivit\u00e0 \u00e8 necessaria per l\u2019espletamento delle attivit\u00e0 inerenti alle finalit\u00e0 predette, e anche per rispondere a determinati obblighi di legge. Ogni comunicazione che non risponde a tali finalit\u00e0 sar\u00e0 sottoposta al tuo consenso.<\/p>\n<p>In particolare, i tuoi dati saranno comunicati a terzi\/destinatari per:<\/p>\n<ol>\n<li>lo svolgimento del servizio (es. provider di servizi informatici);<\/li>\n<\/ol>\n<ol start=\"2\">\n<li>comunicazioni nei confronti dell\u2019amministrazione finanziaria, e degli enti pubblici di vigilanza e controllo nei confronti dei quali il Titolare deve adempiere a specifici obblighi derivanti dalla specificit\u00e0 dell\u2019attivit\u00e0 esercitata;<\/li>\n<\/ol>\n<p>I dati personali che il Titolare tratta per tale finalit\u00e0 sono:<\/p>\n<ul>\n<li>dati di navigazione (indirizzo IP)<\/li>\n<\/ul>\n<ul>\n<li><strong>Motivi di<\/strong> <strong>sicurezza informatica<\/strong><\/li>\n<\/ul>\n<p>Il Titolare tratta, anche per mezzo dei suoi fornitori (terzi e\/o destinatari), i tuoi dati personali (es. indirizzo IP) o di traffico raccolti, o ottenuti, in caso di servizi esposti sul sito web in misura strettamente necessaria e proporzionata per garantire la sicurezza e la capacit\u00e0 di una rete o dei server ad essa connessi di resistere, a un dato livello di sicurezza, a eventi imprevisti o atti illeciti o dolosi che compromettano la disponibilit\u00e0, l&#8217;autenticit\u00e0, l&#8217;integrit\u00e0 e la riservatezza dei dati personali conservati o trasmessi.<\/p>\n<p>A tali fini il Titolare prevede procedure per la gestione della violazione dei dati personali (data breach).<\/p>\n<p><strong>Cosa sono i cookie e per quali finalit\u00e0 possono essere utilizzati<\/strong><\/p>\n<p>Un &#8220;cookie&#8221; \u00e8 un piccolo file di testo creato da alcuni siti web sul computer dell\u2019utente al momento in cui questo accede ad un determinato sito, con lo scopo di immagazzinare e trasportare informazioni. I cookie sono inviati da un server web (che \u00e8 il computer sul quale \u00e8 in esecuzione il sito web visitato) al browser dell\u2019utente (Internet Explorer, Mozilla Firefox, Google Chrome, ecc.) e memorizzati sul computer di quest\u2019ultimo; vengono, quindi, re-inviati al sito web al momento delle visite successive.<\/p>\n<p>Alcune operazioni non potrebbero essere compiute senza l&#8217;uso dei cookie, che, in alcuni casi, sono quindi tecnicamente necessari. In altri casi il sito utilizza cookie per facilitare e agevolare la navigazione da parte dell\u2019utente o per consentire a questi di usufruire di servizi specificamente richiesti.<\/p>\n<p>I cookie possono rimanere nel sistema anche per lunghi periodi e possono contenere anche un codice identificativo unico. Ci\u00f2 consente ai siti che li utilizzano di tenere traccia della navigazione dell&#8217;utente all&#8217;interno del sito stesso, per finalit\u00e0 statistiche o pubblicitarie, per creare cio\u00e8 un profilo personalizzato dell&#8217;utente a partire dalle pagine che lo stesso ha visitato e mostrargli e\/o inviargli quindi pubblicit\u00e0 mirate (<em>c.d. Behavioural Advertising<\/em>).<\/p>\n<p><strong>Quali cookie sono utilizzati e per quali finalit\u00e0 principale<\/strong><\/p>\n<p>Il Titolare riporta di seguito le specifiche categorie di cookie adoperati, la finalit\u00e0 e la conseguenza che deriva dalla loro de-selezione:<\/p>\n<table width=\"715\">\n<tbody>\n<tr>\n<td width=\"113\">\n<p><strong>TIPOLOGIA COOKIE<\/strong><\/p>\n<\/td>\n<td width=\"94\">\n<p><strong>PRIMA\/TERZA PARTE<\/strong><\/p>\n<\/td>\n<td width=\"179\">\n<p><strong>FINALITA\u2019<\/strong><\/p>\n<\/td>\n<td width=\"151\">\n<p><strong>TEMPI DI CONSERVAZIONE<\/strong><\/p>\n<\/td>\n<td width=\"176\">\n<p><strong>CONSEGUENZA IN CASO DI DESELEZIONE<\/strong><\/p>\n<\/td>\n<\/tr>\n<tr>\n<td width=\"113\">\n<p>Cookies tecnici<\/p>\n<\/td>\n<td width=\"94\">\n<p>Prima Parte<\/p>\n<\/td>\n<td width=\"179\">\n<p>Gestione del sito. Consentono il funzionamento e l\u2019esplorazione sicura ed efficiente del sito web<\/p>\n<\/td>\n<td width=\"151\">\n<p>11 mesi<\/p>\n<\/td>\n<td width=\"176\">\n<p>Si tratta dei cookie necessari per l\u2019utilizzo del sito, bloccarli non ne permette il funzionamento<\/p>\n<\/td>\n<\/tr>\n<tr>\n<td width=\"113\">\n<p>Cookie analitici<\/p>\n<\/td>\n<td width=\"94\">\n<p>Prima parte<\/p>\n<\/td>\n<td width=\"179\">\n<p>Raccogliere informazioni in forma aggregata sulla navigazione da parte degli utenti per ottimizzare l&#8217;esperienza di navigazione e i servizi stessi.<\/p>\n<\/td>\n<td width=\"151\">\n<p>11 mesi<\/p>\n<\/td>\n<td width=\"176\">\n<p>Non sarebbe pi\u00f9 possibile per il Titolare acquisire le informazioni aggregate<\/p>\n<\/td>\n<\/tr>\n<\/tbody>\n<\/table>\n<p><strong>\u00a0<\/strong><\/p>\n<p><strong>Cookie di terze parti <\/strong><\/p>\n<p>Sul presente sito web non sono operativi cookie di terzi parti, ossia cookie creati da un sito web diverso da quello che l\u2019utente sta attualmente visitando.<\/p>\n<p><strong>Deselezione e attivazione dei cookie <\/strong><u>\u00a0<\/u><\/p>\n<p>Puoi modificare le tue impostazioni cliccando sull\u2019apposito link presente nel footer.<strong>\u00a0<\/strong><\/p>\n<p><strong>Che cosa succede se non fornisci i tuoi dati?<\/strong><\/p>\n<p>Ti invitiamo a prendere visione delle conseguenze derivanti dalla deselezione dei singoli cookie, cos\u00ec come riportate nella tabella sopra indicata.<\/p>\n<p><strong>Come, dove e per quanto tempo vengono conservati i tuoi dati?<\/strong><\/p>\n<p><strong>Come trattiamo i tuoi dati<\/strong><\/p>\n<p>Il trattamento dei dati personali \u00e8 eseguito attraverso procedure informatiche da parte di soggetti interni appositamente autorizzati e formati. A questi \u00e8 consentito l\u2019accesso ai tuoi dati personali nella misura e nei limiti in cui esso \u00e8 necessario per lo svolgimento delle attivit\u00e0 di trattamento che ti riguardano.<\/p>\n<p>Il Titolare verifica periodicamente gli strumenti mediante i quali i tuoi dati vengono trattati e le misure di sicurezza per essi previste di cui prevede l\u2019aggiornamento costante; verifica, anche per il tramite dei soggetti autorizzati al trattamento, che non siano raccolti, trattati, archiviati o conservati dati personali di cui non sia necessario il trattamento; verifica che i dati siano conservati con la garanzia di integrit\u00e0 e di autenticit\u00e0 e del loro uso per le finalit\u00e0 dei trattamenti effettivamente svolti.<\/p>\n<p><strong>\u00a0<\/strong><strong>Dove trattiamo i tuoi dati<\/strong><\/p>\n<p>I dati sono conservati in archivi informatici e telematici situati anche all\u2019esterno dello spazio economico europeo. In particolare:<\/p>\n<ul>\n<li>USA \u2013 Adesione a Data Privacy Framework.<\/li>\n<\/ul>\n<p><strong>Per quanto tempo trattiamo i tuoi dati<\/strong><\/p>\n<p>-Cookie:<\/p>\n<p>Ti invitiamo a prendere visione dei termini di conservazione dei dati personali come indicati nella precedente tabella.<\/p>\n<p>-Navigazione sito:<\/p>\n<p>I dati personali vengono conservati per il tempo necessario a consentire la navigazione del sito e comunque non oltre 11 mesi, salvi i casi in cui si verifichino eventi che comportino l\u2019intervento delle Autorit\u00e0 competenti, anche in collaborazione con i terzi\/destinatari cui \u00e8 demandata l\u2019attivit\u00e0 di sicurezza informatica dei dati del Titolare, a svolgere eventuali indagini sulle cause che hanno determinato l\u2019evento, nonch\u00e9 per tutelare gli interessi del Titolare relativi a una eventuale responsabilit\u00e0 correlata all\u2019uso del sito e dei relativi servizi.<\/p>\n<p><strong>Quali sono i tuoi diritti?<\/strong><\/p>\n<p>In sostanza tu, in ogni momento e a titolo gratuito e senza oneri e formalit\u00e0 particolari per la tua richiesta, puoi:<\/p>\n<ul>\n<li>ottenere conferma del trattamento operato dal Titolare;<\/li>\n<li>accedere ai tuoi dati personali e conoscerne l\u2019origine (quando i dati non sono ottenuti da te direttamente), le finalit\u00e0 e gli scopi del trattamento, i dati dei soggetti a cui essi sono comunicati, il periodo di conservazione dei tuoi dati o i criteri utili per determinarlo;<\/li>\n<li>aggiornare o rettificare i tuoi dati personali in modo che siano sempre esatti e accurati;<\/li>\n<li>cancellare i tuoi dati personali dalle banche dati e\/o dagli archivi anche di backup del Titolare nel caso, tra gli altri, in cui non siano pi\u00f9 necessari per le finalit\u00e0 del trattamento o se questo si assume come illecito, e sempre se ne sussistano le condizioni previste per legge; e comunque se il trattamento non sia giustificato da un altro motivo ugualmente legittimo;<\/li>\n<li>limitare il trattamento dei tuoi dati personali in talune circostanze, ad esempio laddove tu ne abbia contestato l\u2019esattezza, per il periodo necessario al Titolare per verificarne l\u2019accuratezza. Tu devi essere informato, in tempi congrui, anche di quando il periodo di sospensione si sia compiuto o la causa della limitazione del trattamento sia venuta meno, e quindi la limitazione stessa revocata;<\/li>\n<li>ottenere i tuoi dati personali, se ricevuti o trattati dal Titolare con il tuo consenso e\/o se il loro trattamento avvenga sulla base di un contratto e con strumenti automatizzati, in formato elettronico anche al fine di trasmetterli ad altro titolare del trattamento.<\/li>\n<\/ul>\n<p>Il Titolare dovr\u00e0 procedere in tal senso senza ritardo e, comunque, al pi\u00f9 tardi entro un mese dal ricevimento della tua richiesta. Il termine pu\u00f2 essere prorogato di due mesi, se necessario, tenuto conto della complessit\u00e0 e del numero delle richieste ricevute dal Titolare. In tali casi il Titolare, entro un mese dal ricevimento della tua richiesta, ti informer\u00e0 e ti metter\u00e0 al corrente dei motivi della proroga. Per l\u2019esercizio dei tuoi diritti scrivi all\u2019indirizzo <a href=\"mailto:info@nume.plus\">info@nume.plus<\/a> \u00a0<\/p>\n<p><strong>Come e quando puoi opporti al trattamento dei tuoi dati personali?<\/strong><\/p>\n<p>Per motivi relativi alla tua situazione particolare, puoi opporti in ogni momento al trattamento dei tuoi dati personali se esso \u00e8 fondato sul legittimo interesse, inviando la tua richiesta al Titolare, all\u2019indirizzo <a href=\"mailto:info@nume.plus\">info@nume.plus<\/a><\/p>\n<p>Tu hai diritto alla cancellazione dei tuoi dati personali se non esiste un motivo legittimo prevalente rispetto a quello che ha dato origine alla tua richiesta.<\/p>\n<p><strong>A chi puoi proporre reclamo?<\/strong><\/p>\n<p>Fatta salva ogni altra azione in sede amministrativa o giudiziale, tu puoi presentare un reclamo all\u2019autorit\u00e0 di controllo competente ovvero a quella che svolge i suoi compiti ed esercita i suoi poteri in Italia dove hai la tua residenza abituale o lavori o se diverso nello Stato membro dove \u00e8 avvenuta la violazione del Regolamento (UE) 2016\/679.<\/p>\n<p>\n<\/div><\/div><\/div><\/div><\/div><\/div><div class=\"bt_bb_row \"  data-bt-override-class=\"{}\"><div class=\"bt_bb_row_holder\" ><div  class=\"bt_bb_column col-xxl-12 col-xl-12 col-xs-12 col-sm-12 col-md-12 col-lg-12 bt_bb_vertical_align_top bt_bb_align_left bt_bb_padding_text_indent\" style=\"; --column-width:12;\" data-width=\"12\" data-bt-override-class=\"{&quot;bt_bb_align_&quot;:{&quot;current_class&quot;:&quot;bt_bb_align_left&quot;,&quot;def&quot;:&quot;left&quot;,&quot;xl&quot;:&quot;left&quot;}}\"><div class=\"bt_bb_column_content\"><div class=\"bt_bb_column_content_inner\"><div class=\"bt_bb_separator bt_bb_border_style_none bt_bb_top_spacing_medium\" data-bt-override-class=\"null\"><\/div><\/div><\/div><\/div><\/div><\/div><\/div><!-- cell_inner --><\/div><!-- cell --><\/div><!-- port --><div class=\"bt_bb_section_bottom_section_coverage_image\"><img decoding=\"async\" src=\"https:\/\/nume.plus\/wp-content\/uploads\/2021\/08\/purple-curve-bottom-left1280x94.png\" alt=\"bt_bb_section_bottom_section_coverage_image\" \/><\/div><\/section>","protected":false},"excerpt":{"rendered":"","protected":false},"author":1,"featured_media":0,"parent":0,"menu_order":0,"comment_status":"closed","ping_status":"open","template":"","meta":{"cybocfi_hide_featured_image":"","footnotes":""},"class_list":["post-3","page","type-page","status-publish","hentry"],"yoast_head":"<!-- This site is optimized with the Yoast SEO plugin v27.4 - https:\/\/yoast.com\/product\/yoast-seo-wordpress\/ -->\n<title>Privacy policy - Nume Plus<\/title>\n<meta name=\"description\" content=\"INFORMATIVA PRIVACY e COOKIE POLICY Informativa dei dati ai sensi degli Articoli 13 e 14 Reg. UE 679\/2016 [GDPR]\" \/>\n<meta name=\"robots\" content=\"index, follow, max-snippet:-1, max-image-preview:large, max-video-preview:-1\" \/>\n<link rel=\"canonical\" href=\"https:\/\/nume.plus\/en\/privacy-policy\/\" \/>\n<meta property=\"og:locale\" content=\"en_GB\" \/>\n<meta property=\"og:type\" content=\"article\" \/>\n<meta property=\"og:title\" content=\"Privacy policy - Nume Plus\" \/>\n<meta property=\"og:description\" content=\"INFORMATIVA PRIVACY e COOKIE POLICY Informativa dei dati ai sensi degli Articoli 13 e 14 Reg. UE 679\/2016 [GDPR]\" \/>\n<meta property=\"og:url\" content=\"https:\/\/nume.plus\/en\/privacy-policy\/\" \/>\n<meta property=\"og:site_name\" content=\"Nume Plus\" \/>\n<meta property=\"article:modified_time\" content=\"2023-12-15T08:20:08+00:00\" \/>\n<meta name=\"twitter:card\" content=\"summary_large_image\" \/>\n<meta name=\"twitter:label1\" content=\"Estimated reading time\" \/>\n\t<meta name=\"twitter:data1\" content=\"10 minutes\" \/>\n<script type=\"application\/ld+json\" class=\"yoast-schema-graph\">{\"@context\":\"https:\\\/\\\/schema.org\",\"@graph\":[{\"@type\":\"WebPage\",\"@id\":\"https:\\\/\\\/nume.plus\\\/privacy-policy\\\/\",\"url\":\"https:\\\/\\\/nume.plus\\\/privacy-policy\\\/\",\"name\":\"Privacy policy - Nume Plus\",\"isPartOf\":{\"@id\":\"https:\\\/\\\/nume.plus\\\/#website\"},\"datePublished\":\"2021-05-10T11:51:11+00:00\",\"dateModified\":\"2023-12-15T08:20:08+00:00\",\"description\":\"INFORMATIVA PRIVACY e COOKIE POLICY Informativa dei dati ai sensi degli Articoli 13 e 14 Reg. UE 679\\\/2016 [GDPR]\",\"breadcrumb\":{\"@id\":\"https:\\\/\\\/nume.plus\\\/privacy-policy\\\/#breadcrumb\"},\"inLanguage\":\"en-GB\",\"potentialAction\":[{\"@type\":\"ReadAction\",\"target\":[\"https:\\\/\\\/nume.plus\\\/privacy-policy\\\/\"]}]},{\"@type\":\"BreadcrumbList\",\"@id\":\"https:\\\/\\\/nume.plus\\\/privacy-policy\\\/#breadcrumb\",\"itemListElement\":[{\"@type\":\"ListItem\",\"position\":1,\"name\":\"Home\",\"item\":\"https:\\\/\\\/nume.plus\\\/\"},{\"@type\":\"ListItem\",\"position\":2,\"name\":\"Privacy policy\"}]},{\"@type\":\"WebSite\",\"@id\":\"https:\\\/\\\/nume.plus\\\/#website\",\"url\":\"https:\\\/\\\/nume.plus\\\/\",\"name\":\"Nume Plus\",\"description\":\"Nume Plus website\",\"potentialAction\":[{\"@type\":\"SearchAction\",\"target\":{\"@type\":\"EntryPoint\",\"urlTemplate\":\"https:\\\/\\\/nume.plus\\\/?s={search_term_string}\"},\"query-input\":{\"@type\":\"PropertyValueSpecification\",\"valueRequired\":true,\"valueName\":\"search_term_string\"}}],\"inLanguage\":\"en-GB\"}]}<\/script>\n<!-- \/ Yoast SEO plugin. -->","yoast_head_json":{"title":"Privacy policy - Nume Plus","description":"INFORMATIVA PRIVACY e COOKIE POLICY Informativa dei dati ai sensi degli Articoli 13 e 14 Reg. UE 679\/2016 [GDPR]","robots":{"index":"index","follow":"follow","max-snippet":"max-snippet:-1","max-image-preview":"max-image-preview:large","max-video-preview":"max-video-preview:-1"},"canonical":"https:\/\/nume.plus\/en\/privacy-policy\/","og_locale":"en_GB","og_type":"article","og_title":"Privacy policy - Nume Plus","og_description":"INFORMATIVA PRIVACY e COOKIE POLICY Informativa dei dati ai sensi degli Articoli 13 e 14 Reg. UE 679\/2016 [GDPR]","og_url":"https:\/\/nume.plus\/en\/privacy-policy\/","og_site_name":"Nume Plus","article_modified_time":"2023-12-15T08:20:08+00:00","twitter_card":"summary_large_image","twitter_misc":{"Estimated reading time":"10 minutes"},"schema":{"@context":"https:\/\/schema.org","@graph":[{"@type":"WebPage","@id":"https:\/\/nume.plus\/privacy-policy\/","url":"https:\/\/nume.plus\/privacy-policy\/","name":"Privacy policy - Nume Plus","isPartOf":{"@id":"https:\/\/nume.plus\/#website"},"datePublished":"2021-05-10T11:51:11+00:00","dateModified":"2023-12-15T08:20:08+00:00","description":"INFORMATIVA PRIVACY e COOKIE POLICY Informativa dei dati ai sensi degli Articoli 13 e 14 Reg. UE 679\/2016 [GDPR]","breadcrumb":{"@id":"https:\/\/nume.plus\/privacy-policy\/#breadcrumb"},"inLanguage":"en-GB","potentialAction":[{"@type":"ReadAction","target":["https:\/\/nume.plus\/privacy-policy\/"]}]},{"@type":"BreadcrumbList","@id":"https:\/\/nume.plus\/privacy-policy\/#breadcrumb","itemListElement":[{"@type":"ListItem","position":1,"name":"Home","item":"https:\/\/nume.plus\/"},{"@type":"ListItem","position":2,"name":"Privacy policy"}]},{"@type":"WebSite","@id":"https:\/\/nume.plus\/#website","url":"https:\/\/nume.plus\/","name":"Nume Plus","description":"Nume Plus website","potentialAction":[{"@type":"SearchAction","target":{"@type":"EntryPoint","urlTemplate":"https:\/\/nume.plus\/?s={search_term_string}"},"query-input":{"@type":"PropertyValueSpecification","valueRequired":true,"valueName":"search_term_string"}}],"inLanguage":"en-GB"}]}},"_links":{"self":[{"href":"https:\/\/nume.plus\/en\/wp-json\/wp\/v2\/pages\/3","targetHints":{"allow":["GET"]}}],"collection":[{"href":"https:\/\/nume.plus\/en\/wp-json\/wp\/v2\/pages"}],"about":[{"href":"https:\/\/nume.plus\/en\/wp-json\/wp\/v2\/types\/page"}],"author":[{"embeddable":true,"href":"https:\/\/nume.plus\/en\/wp-json\/wp\/v2\/users\/1"}],"replies":[{"embeddable":true,"href":"https:\/\/nume.plus\/en\/wp-json\/wp\/v2\/comments?post=3"}],"version-history":[{"count":5,"href":"https:\/\/nume.plus\/en\/wp-json\/wp\/v2\/pages\/3\/revisions"}],"predecessor-version":[{"id":6812,"href":"https:\/\/nume.plus\/en\/wp-json\/wp\/v2\/pages\/3\/revisions\/6812"}],"wp:attachment":[{"href":"https:\/\/nume.plus\/en\/wp-json\/wp\/v2\/media?parent=3"}],"curies":[{"name":"wp","href":"https:\/\/api.w.org\/{rel}","templated":true}]}}