{"id":4353,"date":"2021-08-04T14:19:25","date_gmt":"2021-08-04T12:19:25","guid":{"rendered":"https:\/\/nume.plus\/?page_id=4353"},"modified":"2021-08-04T14:36:27","modified_gmt":"2021-08-04T12:36:27","slug":"privacy-policy-demo","status":"publish","type":"page","link":"https:\/\/nume.plus\/en\/privacy-policy-demo\/","title":{"rendered":"Privacy policy Demo"},"content":{"rendered":"<section id=\"bt_bb_section69d8fa1b99f08\" class=\"bt_bb_section bt_bb_layout_boxed_1200\"  data-bt-override-class=\"null\"><div class=\"bt_bb_port\"><div class=\"bt_bb_cell\"><div class=\"bt_bb_cell_inner\"><div class=\"bt_bb_row\"  data-bt-override-class=\"{}\"><div class=\"bt_bb_row_holder\" ><div  class=\"bt_bb_column col-xxl-12 col-xl-12 col-xs-12 col-sm-12 col-md-12 col-lg-12 bt_bb_vertical_align_top bt_bb_align_left bt_bb_padding_normal\" style=\"; --column-width:12;\" data-width=\"12\" data-bt-override-class=\"{}\"><div class=\"bt_bb_column_content\"><div class=\"bt_bb_column_content_inner\"><div class=\"bt_bb_separator bt_bb_border_style_none bt_bb_top_spacing_medium\" data-bt-override-class=\"null\"><\/div><div  class=\"bt_bb_text\" ><\/p>\n<h2><span style=\"color: #496096;\">Informativa richiesta Demo<\/span><\/h2>\n<h5><span style=\"color: #64c3d7;\">Who are we and what do we do with your personal data?<\/span><\/h5>\n<p>Nume Plus S.r.l., con sede in (50127) Firenze (FI), via Panciatichi 40\/11, (di seguito anche il \u201ctitolare\u201d), in qualit\u00e0 di titolare del trattamento, si preoccupa della riservatezza dei tuoi dati personali e di garantire ad essi la protezione necessaria da ogni evento che possa metterli a rischio di violazione.<\/p>\n<p>La titolare mette in pratica al fine policy e prassi aventi riguardo alla raccolta e all\u2019utilizzo dei dati personali e all\u2019esercizio dei diritti che ti sono riconosciuti dalla normativa applicabile. La titolare ha cura di aggiornare le policy e le prassi adottate per la protezione dei dati personali ogni volta che ci\u00f2 si renda necessario e comunque in caso di modifiche normative e organizzative che possano incidere sui trattamenti dei tuoi dati personali.<\/p>\n<p>The Data Controller has appointed a data protection officer (RPD or DPO) who you can contact if you have questions about the policies and practices adopted.<\/p>\n<p>Puoi contattare il RPD\/DPO agli indirizzi e ai recapiti che seguono: <a href=\"mailto:dpo@nume.plus\">dpo@nume.plus<\/a>.<\/p>\n<h5><span style=\"color: #64c3d7;\">Come e perch\u00e9 raccoglie e tratta i tuoi dati il Titolare?<\/span><\/h5>\n<p>Il Titolare raccoglie e\/o riceve le informazioni che ti riguardano, quali:<\/p>\n<ul>\n<li>nome, cognome<\/li>\n<li>email<\/li>\n<\/ul>\n<p>Your personal information will be processed for:<\/p>\n<h6><span style=\"color: #ed7d31;\">1) la richiesta di una demo relativa ad uno dei prodotti del Titolare<\/span><\/h6>\n<p>Il trattamento dei tuoi dati personali avviene per gestire la tua richiesta di una demo relativa a prodotti realizzati ed offerti dal Titolare e per dar corso alle attivit\u00e0 preliminari all\u2019instaurazione del rapporto contrattuale, nonch\u00e9 per l\u2019adempimento di ogni altro obbligo discendente da tale attivit\u00e0 quali la registrazione e l\u2019archiviazione dei tuoi dati personali.<\/p>\n<h6><span style=\"color: #ed7d31;\">2) per la comunicazione a terzi e destinatari<\/span><\/h6>\n<table>\n<tbody>\n<tr>\n<td width=\"307\">\n<h6>Finalit\u00e0<\/h6>\n<\/td>\n<td width=\"307\">\n<h6>Base giuridica<\/h6>\n<\/td>\n<\/tr>\n<tr>\n<td width=\"307\">comunicazione a terzi quali:<\/p>\n<p>\u00b7\u00a0\u00a0\u00a0\u00a0\u00a0\u00a0\u00a0\u00a0 Societ\u00e0 di assistenza Informatica<\/td>\n<td width=\"307\">attivit\u00e0 preordinate alla conclusione del contratto<\/td>\n<\/tr>\n<\/tbody>\n<\/table>\n<p>Il Titolare trasferisce i tuoi dati personali nei seguenti paesi extra UE, con piena assicurazione delle garanzie previste dalla normativa europea:<\/p>\n<ul>\n<li>USA: sussistenza di clausola contrattuale standard del 5 febbraio 2010 n. 2010\/87.<\/li>\n<\/ul>\n<p>La comunicazione e la diffusione riguardano le categorie di dati la cui trasmissione e\/o divulgazione si rendano necessarie per lo svolgimento delle attivit\u00e0 e finalit\u00e0 perseguite dal Titolare nella gestione del rapporto instaurato. Il relativo trattamento non richiede il consenso dell\u2019interessato nel caso in cui lo stesso avvenga a fronte di obblighi di legge o per dar corso agli obblighi derivanti dal rapporto contrattuale o nel caso dovesse ricorrere altra ipotesi di esclusione (in specie interesse legittimo interesse del Titolare), espressamente prevista o dipendente dalla normativa e dai regolamenti applicati dal Titolare, o anche mediante soggetti terzi individuati quali responsabili del trattamento;<\/p>\n<h6><span style=\"color: #ed7d31;\">3) per l\u2019attivit\u00e0 di marketing avente ad oggetto i servizi del Titolare<\/span><\/h6>\n<p>Il trattamento dei tuoi dati personali avviene per proporti servizi ulteriori a quelli di cui al servizio cui hai aderito, o anche migliorati o pi\u00f9 confacenti alla tua necessit\u00e0 e, al fine, per inviarti materiale pubblicitario. Il trattamento dei tuoi dati pu\u00f2 avvenire per:<\/p>\n<ul>\n<li>e-mail<\/li>\n<\/ul>\n<p>Il trattamento in questione pu\u00f2 essere svolto se:<\/p>\n<ol>\n<li>presti il tuo consenso per l\u2019utilizzo dei dati anche con riferimento alle modalit\u00e0 di comunicazione, sia tradizionali che automatizzate, con cui avviene il trattamento;<\/li>\n<li>se, nel caso il trattamento si svolga mediante contatto con operatore telefonico, non sei iscritto al registro delle opposizioni di cui al D.P.R. n. 178\/ 2010;<\/li>\n<li>se non ti sei opposto al trattamento e\/o se, nel caso, non ti sia opposto in maniera specifica e separata all\u2019invio delle comunicazioni attraverso le modalit\u00e0 tradizionali e\/o attraverso mezzi automatici.<\/li>\n<\/ol>\n<h6><span style=\"color: #ed7d31;\">4) per finalit\u00e0 di sicurezza informatica<\/span><\/h6>\n<p>Il Titolare tratta, anche per mezzo dei suoi fornitori (terzi e\/o destinatari), i tuoi dati personali, in misura strettamente necessaria e proporzionata per garantire la sicurezza e la capacit\u00e0 di una rete o dei server ad essa connessi di resistere, a un dato livello di sicurezza, a eventi imprevisti o atti illeciti o dolosi che compromettano la disponibilit\u00e0, l&#8217;autenticit\u00e0, l&#8217;integrit\u00e0 e la riservatezza dei dati personali conservati o trasmessi.<\/p>\n<p>For these purposes, the Data Controller provides procedures for the management of the violation of personal data (data breach).<\/p>\n<h5><span style=\"color: #64c3d7;\">What happens if you don't provide your data?<\/span><\/h5>\n<p>Il Titolare se non fornisci i tuoi dati personali, non potr\u00e0 dar seguito ai trattamenti legati alla gestione delle trattative precontrattuali n\u00e9 agli adempimenti che da essa dipendono.<\/p>\n<p>Il Titolare ha inteso svolgere alcuni trattamenti in funzione di determinati legittimi interessi che non pregiudicano il tuo diritto alla riservatezza, come quelli che:<\/p>\n<ul>\n<li>permettono di prevenire incidenti informatici e la notificazione all\u2019autorit\u00e0 di controllo o la comunicazione agli utenti, se necessarie, della violazione dei dati personali;<\/li>\n<li>permettono la comunicazione a terzi\/destinatari per attivit\u00e0 legate a quelle di gestione del contratto.<\/li>\n<\/ul>\n<h5><span style=\"color: #64c3d7;\">Che cosa succede se non dai il tuo consenso al trattamento dei dati personali per finalit\u00e0 di marketing (diretto, ricerche e indagini di mercato) proprie del Titolare?\u00a0<\/span><\/h5>\n<p>Il trattamento dei tuoi dati personali non avverr\u00e0 per tali finalit\u00e0; ci\u00f2 non comporter\u00e0 effetti per il trattamento dei tuoi dati per le finalit\u00e0 principali, n\u00e9 per quello per cui hai gi\u00e0 dato il tuo consenso, se richiesto.<\/p>\n<h5><span style=\"color: #64c3d7;\">Come e per quanto tempo vengono conservati i tuoi dati?<\/span><\/h5>\n<h6><span style=\"color: #ed7d31;\">Come<\/span><\/h6>\n<p>Il trattamento dei dati \u00e8 eseguito attraverso supporti cartacei o procedure informatiche da parte di soggetti interni appositamente autorizzati e formati. A questi \u00e8 consentito l\u2019accesso ai tuoi dati personali nella misura e nei limiti in cui esso \u00e8 necessario per lo svolgimento delle attivit\u00e0 di trattamento che ti riguardano. I dati appartenenti a categorie particolari sono trattati separatamente dagli altri anche mediante metodi di pseudonimizzazione o di aggregazione che non permettano di identificarti in modo agevole.<\/p>\n<p>The Data Controller periodically checks the tools by which your data are processed and the security measures envisaged for them, which it requires to be constantly updated; verifies, also through the subjects authorized to process, that personal data that do not need to be processed are not collected, processed, archived or stored; verifies that the data are kept with the guarantee of integrity and authenticity and of their use for the purposes of the treatments actually carried out.<\/p>\n<h6><span style=\"color: #ed7d31;\">Quanto tempo<\/span><\/h6>\n<p>I dati personali trattati dal Titolare vengono conservati per il tempo necessario al compimento delle attivit\u00e0 legate alla gestione della trattativa precontrattuale con il Titolare e fino a 2 anni ad eccezione dell\u2019instaurazione del rapporto contrattuale<u>. <\/u><\/p>\n<p>I dati personali trattati dal Titolare per le finalit\u00e0 di marketing (diretto, ricerche e indagini di mercato) saranno conservati per 24 mesi dal Titolare salvo revoca del consenso che hai prestato e\/o salvo opposizione al trattamento.<\/p>\n<p>\u00c8 fatto comunque salvo il tuo diritto di opporti in ogni momento ai trattamenti fondati sul legittimo interesse per motivi connessi alla tua situazione particolare.<\/p>\n<h5><span style=\"color: #64c3d7;\">What are your rights?<\/span><\/h5>\n<p><u>In sostanza tu<\/u>, in ogni momento e a titolo gratuito e senza oneri e formalit\u00e0 particolari per la tua richiesta, puoi;<\/p>\n<ul>\n<li>obtain confirmation of the processing carried out by the Data Controller;<\/li>\n<li>access your personal data and know its origin (when the data are not obtained from you directly), the purposes and purposes of the processing, the data of the subjects to whom they are communicated, the retention period of your data or useful criteria to determine it;<\/li>\n<li>revocare il consenso in qualunque momento, nel caso in cui questo costituisca la base del trattamento. La revoca del consenso comunque non pregiudica la liceit\u00e0 del trattamento basata sul consenso svolto prima della revoca stessa;<\/li>\n<li>update or rectify your personal data so that it is always accurate and accurate;<\/li>\n<li>delete your personal data from the databases and \/ or archives, including backups, of the Data Controller in the event, among others, in which they are no longer necessary for the purposes of the processing or if this is assumed to be illegal, and always if the conditions required by law; and in any case if the processing is not justified by another equally legitimate reason;<\/li>\n<li>limit the processing of your personal data in certain circumstances, for example where you have contested its accuracy, for the period necessary for the Data Controller to verify its accuracy. You must also be informed, in a reasonable time, of when the suspension period has been completed or the cause of the limitation of the processing has ceased, and therefore the limitation itself has been revoked;<\/li>\n<li>ottenere i tuoi dati personali, se ricevuti e\/o comunque trattati dal Titolare con il tuo consenso e\/o se il loro trattamento avvenga sulla base di un contratto e con strumenti automatizzati, in formato elettronico anche al fine di trasmetterli ad altro titolare del trattamento.<\/li>\n<\/ul>\n<p>Il Titolare dovr\u00e0 procedere in tal senso senza ritardo e, comunque, al pi\u00f9 tardi entro un mese dal ricevimento della tua richiesta. Il termine pu\u00f2 essere prorogato di due mesi, se necessario, tenuto conto della complessit\u00e0 e del numero delle richieste ricevute dal Titolare. In tali casi il Titolare entro un mese dal ricevimento della tua richiesta, ti informer\u00e0 e ti metter\u00e0 al corrente dei motivi della proroga.<\/p>\n<p>Per ogni ulteriore informazione e comunque per inviare la tua richiesta devi rivolgerti al Titolare all\u2019indirizzo <a href=\"mailto:info@nume.plus\">info@nume.plus<\/a>.<\/p>\n<h5><span style=\"color: #64c3d7;\">How and when can you object to the processing of your personal data?<\/span><\/h5>\n<p>Per motivi relativi alla tua situazione particolare, puoi opporti in ogni momento al trattamento dei tuoi dati personali se esso \u00e8 fondato sul legittimo interesse o se riguarda i trattamenti di dati personali il cui conferimento \u00e8 sottoposto al tuo consenso, inviando la tua richiesta al Titolare all\u2019indirizzo <a href=\"mailto:info@nume.plus\">info@nume.plus<\/a>.<\/p>\n<p>Tu hai diritto alla cancellazione dei tuoi dati personali se non esiste un motivo legittimo prevalente rispetto a quello che ha dato origine alla tua richiesta, e comunque nel caso in cui tu ti sia opposto al trattamento.<\/p>\n<h5><span style=\"color: #64c3d7;\">Who can you lodge a complaint with?<\/span><\/h5>\n<p>Fatta salva ogni altra azione in sede amministrativa o giudiziale, tu puoi presentare un reclamo all\u2019autorit\u00e0 di controllo competente ovvero a quella che svolge i suoi compiti ed esercita i suoi poteri in Italia, dove hai la tua residenza abituale o lavori o se diverso nello Stato membro dove \u00e8 avvenuta la violazione del Regolamento (UE) 2016\/679.<\/p>\n<p>Ogni aggiornamento della presente informativa ti sar\u00e0 comunicato tempestivamente e mediante mezzi congrui e altrettanto ti sar\u00e0 comunicato se il Titolare dar\u00e0 seguito al trattamento dei tuoi dati per finalit\u00e0 ulteriori rispetto a quelle di cui alla presente informativa prima di procedervi e in tempo per prestare il tuo consenso se necessario<\/p>\n<p>\n<\/div><div class=\"bt_bb_separator bt_bb_border_style_none bt_bb_top_spacing_normal\" data-bt-override-class=\"null\"><\/div><\/div><\/div><\/div><\/div><\/div><\/div><!-- cell_inner --><\/div><!-- cell --><\/div><!-- port --><\/section>","protected":false},"excerpt":{"rendered":"","protected":false},"author":1,"featured_media":0,"parent":0,"menu_order":0,"comment_status":"closed","ping_status":"closed","template":"","meta":{"cybocfi_hide_featured_image":"","footnotes":""},"class_list":["post-4353","page","type-page","status-publish","hentry"],"yoast_head":"<!-- This site is optimized with the Yoast SEO plugin v27.3 - https:\/\/yoast.com\/product\/yoast-seo-wordpress\/ -->\n<title>Privacy policy Demo - Nume Plus<\/title>\n<meta name=\"robots\" content=\"index, follow, max-snippet:-1, max-image-preview:large, max-video-preview:-1\" \/>\n<link rel=\"canonical\" href=\"https:\/\/nume.plus\/en\/privacy-policy-demo\/\" \/>\n<meta property=\"og:locale\" content=\"en_GB\" \/>\n<meta property=\"og:type\" content=\"article\" \/>\n<meta property=\"og:title\" content=\"Privacy policy Demo - Nume Plus\" \/>\n<meta property=\"og:url\" content=\"https:\/\/nume.plus\/en\/privacy-policy-demo\/\" \/>\n<meta property=\"og:site_name\" content=\"Nume Plus\" \/>\n<meta property=\"article:modified_time\" content=\"2021-08-04T12:36:27+00:00\" \/>\n<meta name=\"twitter:card\" content=\"summary_large_image\" \/>\n<meta name=\"twitter:label1\" content=\"Estimated reading time\" \/>\n\t<meta name=\"twitter:data1\" content=\"9 minutes\" \/>\n<script type=\"application\/ld+json\" class=\"yoast-schema-graph\">{\"@context\":\"https:\\\/\\\/schema.org\",\"@graph\":[{\"@type\":\"WebPage\",\"@id\":\"https:\\\/\\\/nume.plus\\\/privacy-policy-demo\\\/\",\"url\":\"https:\\\/\\\/nume.plus\\\/privacy-policy-demo\\\/\",\"name\":\"Privacy policy Demo - Nume Plus\",\"isPartOf\":{\"@id\":\"https:\\\/\\\/nume.plus\\\/#website\"},\"datePublished\":\"2021-08-04T12:19:25+00:00\",\"dateModified\":\"2021-08-04T12:36:27+00:00\",\"breadcrumb\":{\"@id\":\"https:\\\/\\\/nume.plus\\\/privacy-policy-demo\\\/#breadcrumb\"},\"inLanguage\":\"en-GB\",\"potentialAction\":[{\"@type\":\"ReadAction\",\"target\":[\"https:\\\/\\\/nume.plus\\\/privacy-policy-demo\\\/\"]}]},{\"@type\":\"BreadcrumbList\",\"@id\":\"https:\\\/\\\/nume.plus\\\/privacy-policy-demo\\\/#breadcrumb\",\"itemListElement\":[{\"@type\":\"ListItem\",\"position\":1,\"name\":\"Home\",\"item\":\"https:\\\/\\\/nume.plus\\\/\"},{\"@type\":\"ListItem\",\"position\":2,\"name\":\"Privacy policy Demo\"}]},{\"@type\":\"WebSite\",\"@id\":\"https:\\\/\\\/nume.plus\\\/#website\",\"url\":\"https:\\\/\\\/nume.plus\\\/\",\"name\":\"Nume Plus\",\"description\":\"Nume Plus website\",\"potentialAction\":[{\"@type\":\"SearchAction\",\"target\":{\"@type\":\"EntryPoint\",\"urlTemplate\":\"https:\\\/\\\/nume.plus\\\/?s={search_term_string}\"},\"query-input\":{\"@type\":\"PropertyValueSpecification\",\"valueRequired\":true,\"valueName\":\"search_term_string\"}}],\"inLanguage\":\"en-GB\"}]}<\/script>\n<!-- \/ Yoast SEO plugin. -->","yoast_head_json":{"title":"Privacy policy Demo - Nume Plus","robots":{"index":"index","follow":"follow","max-snippet":"max-snippet:-1","max-image-preview":"max-image-preview:large","max-video-preview":"max-video-preview:-1"},"canonical":"https:\/\/nume.plus\/en\/privacy-policy-demo\/","og_locale":"en_GB","og_type":"article","og_title":"Privacy policy Demo - Nume Plus","og_url":"https:\/\/nume.plus\/en\/privacy-policy-demo\/","og_site_name":"Nume Plus","article_modified_time":"2021-08-04T12:36:27+00:00","twitter_card":"summary_large_image","twitter_misc":{"Estimated reading time":"9 minutes"},"schema":{"@context":"https:\/\/schema.org","@graph":[{"@type":"WebPage","@id":"https:\/\/nume.plus\/privacy-policy-demo\/","url":"https:\/\/nume.plus\/privacy-policy-demo\/","name":"Privacy policy Demo - Nume Plus","isPartOf":{"@id":"https:\/\/nume.plus\/#website"},"datePublished":"2021-08-04T12:19:25+00:00","dateModified":"2021-08-04T12:36:27+00:00","breadcrumb":{"@id":"https:\/\/nume.plus\/privacy-policy-demo\/#breadcrumb"},"inLanguage":"en-GB","potentialAction":[{"@type":"ReadAction","target":["https:\/\/nume.plus\/privacy-policy-demo\/"]}]},{"@type":"BreadcrumbList","@id":"https:\/\/nume.plus\/privacy-policy-demo\/#breadcrumb","itemListElement":[{"@type":"ListItem","position":1,"name":"Home","item":"https:\/\/nume.plus\/"},{"@type":"ListItem","position":2,"name":"Privacy policy Demo"}]},{"@type":"WebSite","@id":"https:\/\/nume.plus\/#website","url":"https:\/\/nume.plus\/","name":"Nume Plus","description":"Nume Plus website","potentialAction":[{"@type":"SearchAction","target":{"@type":"EntryPoint","urlTemplate":"https:\/\/nume.plus\/?s={search_term_string}"},"query-input":{"@type":"PropertyValueSpecification","valueRequired":true,"valueName":"search_term_string"}}],"inLanguage":"en-GB"}]}},"_links":{"self":[{"href":"https:\/\/nume.plus\/en\/wp-json\/wp\/v2\/pages\/4353","targetHints":{"allow":["GET"]}}],"collection":[{"href":"https:\/\/nume.plus\/en\/wp-json\/wp\/v2\/pages"}],"about":[{"href":"https:\/\/nume.plus\/en\/wp-json\/wp\/v2\/types\/page"}],"author":[{"embeddable":true,"href":"https:\/\/nume.plus\/en\/wp-json\/wp\/v2\/users\/1"}],"replies":[{"embeddable":true,"href":"https:\/\/nume.plus\/en\/wp-json\/wp\/v2\/comments?post=4353"}],"version-history":[{"count":0,"href":"https:\/\/nume.plus\/en\/wp-json\/wp\/v2\/pages\/4353\/revisions"}],"wp:attachment":[{"href":"https:\/\/nume.plus\/en\/wp-json\/wp\/v2\/media?parent=4353"}],"curies":[{"name":"wp","href":"https:\/\/api.w.org\/{rel}","templated":true}]}}