{"id":6813,"date":"2023-12-15T09:42:35","date_gmt":"2023-12-15T08:42:35","guid":{"rendered":"https:\/\/nume.plus\/?page_id=6813"},"modified":"2023-12-15T09:50:14","modified_gmt":"2023-12-15T08:50:14","slug":"codice-etico","status":"publish","type":"page","link":"https:\/\/nume.plus\/en\/codice-etico\/","title":{"rendered":"Codice etico"},"content":{"rendered":"<section id=\"bt_bb_section69e1efa538b21\" class=\"bt_bb_section bt_bb_layout_boxed_1200 bt_bb_vertical_align_top bt_bb_bottom_section_coverage_image bt_bb_section_with_bottom_coverage_image\"  data-bt-override-class=\"null\"><div class=\"bt_bb_port\"><div class=\"bt_bb_cell\"><div class=\"bt_bb_cell_inner\"><div class=\"bt_bb_row\"  data-bt-override-class=\"{}\"><div class=\"bt_bb_row_holder\" ><div  class=\"bt_bb_column col-xxl-12 col-xl-12 col-xs-12 col-sm-12 col-md-12 col-lg-12 bt_bb_vertical_align_top bt_bb_align_left bt_bb_padding_text_indent\" style=\"; --column-width:12;\" data-width=\"12\" data-bt-override-class=\"{&quot;bt_bb_align_&quot;:{&quot;current_class&quot;:&quot;bt_bb_align_left&quot;,&quot;def&quot;:&quot;left&quot;,&quot;xl&quot;:&quot;left&quot;}}\"><div class=\"bt_bb_column_content\"><div class=\"bt_bb_column_content_inner\"><div class=\"bt_bb_separator bt_bb_border_style_none bt_bb_top_spacing_medium\" data-bt-override-class=\"null\"><\/div><\/div><\/div><\/div><\/div><\/div><div class=\"bt_bb_row\"  data-bt-override-class=\"{}\"><div class=\"bt_bb_row_holder\" ><div  class=\"bt_bb_column col-xxl-12 col-xl-12 col-xs-12 col-sm-12 col-md-12 col-lg-12 bt_bb_vertical_align_top bt_bb_align_left bt_bb_padding_text_indent bt_bb_highlight\" style=\"; --column-width:12;\" data-width=\"12\" data-bt-override-class=\"{&quot;bt_bb_align_&quot;:{&quot;current_class&quot;:&quot;bt_bb_align_left&quot;,&quot;def&quot;:&quot;left&quot;,&quot;xl&quot;:&quot;left&quot;}}\"><div class=\"bt_bb_column_content\" style=\"background-color:rgb(245,245,245);\"><div class=\"bt_bb_column_content_inner\"><div  class=\"bt_bb_text\" ><\/p>\n<h3 class=\"wp-block-heading\"><strong>CODICE ETICO<\/strong><\/h3>\n<h4>Nume Plus S.r.l.<\/h4>\n<ol>\n<li><a name=\"_Toc138256112\"><\/a> <strong>Introduzione<\/strong><\/li>\n<\/ol>\n<p>Nume Plus S.r.l. (di seguito, per brevit\u00e0, \u201c<strong><em>Nume+<\/em><\/strong>\u201d o la \u201c<strong><em>Societ\u00e0<\/em><\/strong>\u201d) \u00e8 una societ\u00e0 attiva principalmente nei settori dello sviluppo, commercializzazione e rivendita di software (inclusi software come dispositivi medici) e della formazione, sia in presenza che online prevalentemente a professionisti sanitari.<\/p>\n<p>Consapevole delle proprie responsabilit\u00e0 nei confronti dei clienti, di coloro che \u2013 a vario titolo \u2013 contribuiscono allo svolgimento delle attivit\u00e0 sociali e, pi\u00f9 in generale, della comunit\u00e0 di cui \u00e8 parte, Nume+ ispira la propria attivit\u00e0 ai principi e alle regole di comportamento stabiliti in questo codice etico (il \u201c<strong><em>Codice<\/em><\/strong>\u201d).<\/p>\n<p>Amministratori, dipendenti, fornitori, consulenti e collaboratori a qualsiasi titolo di Nume+ sono vincolati al rispetto \u2013 anche da parte di coloro che agiscono sotto la loro responsabilit\u00e0 o per loro conto \u2013 del Codice, oltre che delle policy e procedure interne che regolano i processi in cui si articola l\u2019attivit\u00e0 della Societ\u00e0.<\/p>\n<p>Il Codice \u00e8 disponibile e liberamente consultabile in formato elettronico sul sito istituzionale di Nume+.<\/p>\n<p>Una copia cartacea pu\u00f2 essere richiesta scrivendo un\u2019e-mail all\u2019indirizzo <a href=\"mailto:info@nume.plus\">info@nume.plus<\/a>.<\/p>\n<ol start=\"2\">\n<li><a name=\"_Toc138256113\"><\/a> <strong>Principi generali<\/strong><\/li>\n<\/ol>\n<p><a name=\"_Toc138256114\"><\/a><strong><em>2.1 Conformit\u00e0 alle leggi<\/em><\/strong><\/p>\n<p>Nume+ rispetta la legge e agisce in conformit\u00e0 a qualsiasi normativa, nazionale e internazionale, cui \u00e8 soggetta.<\/p>\n<p><a name=\"_Toc138256115\"><\/a><strong><em>2.2 Difesa dei diritti umani e tutela delle pari opportunit\u00e0<\/em><\/strong><\/p>\n<p>Nume+ rispetta e promuove i diritti umani universalmente riconosciuti e ripudia ogni forma di discriminazione fondata sul sesso, la razza, la lingua, la religione, le opinioni politiche e le condizioni personali e sociali.<\/p>\n<p>Nume+ si impegna a creare un ambiente di lavoro inclusivo e rispettoso delle differenze e della dignit\u00e0 della persona, contrastando qualsiasi forma di discriminazione, molestia e abuso e qualsiasi atto di prepotenza e intimidazione.<\/p>\n<p>Nume+ si impegna ad offrire condizioni di pari opportunit\u00e0, fra tutti i lavoratori, sia al momento dell\u2019assunzione sia ai fini dell\u2019avanzamento professionale, garantendo che il personale sia trattato con dignit\u00e0 e rispetto.<\/p>\n<p><a name=\"_Toc138256116\"><\/a><strong><em>2.3 Tutela del lavoro<\/em><\/strong><\/p>\n<p>Nume+ rispetta e promuove il diritto di ciascun lavoratore a svolgere l\u2019attivit\u00e0 lavorativa nel libero esercizio dei diritti riconosciuti ai lavoratori dalle normative nazionali e internazionali e sostiene la battaglia contro il lavoro forzato, il lavoro minorile e qualsiasi altra forma di sfruttamento.<\/p>\n<p>Ciascun lavoratore \u00e8 libero di scegliere se iscriversi a sindacati e\/o associazioni di lavoratori e partecipare a forme di contrattazione collettiva.<\/p>\n<p><a name=\"_Toc138256117\"><\/a><strong><em>2.4 Tutela della salute e sicurezza sul lavoro<\/em><\/strong><\/p>\n<p>Nume+ si impegna a diffondere e consolidare una cultura della sicurezza, sviluppando la consapevolezza dei rischi e promuovendo comportamenti responsabili da parte di tutti i dipendenti e collaboratori.<\/p>\n<p><a name=\"_Toc138256118\"><\/a><strong><em>2.5 Tutela dell\u2019ambiente<\/em><\/strong><\/p>\n<p>Nume+ promuove l\u2019utilizzo responsabile delle risorse per consentire uno sviluppo sostenibile che rispetti l\u2019ambiente e i diritti delle generazioni future. A tal fine, si impegna a ridurre al minimo l\u2019impatto delle sue attivit\u00e0 sull\u2019ambiente e rispetta qualsiasi normativa applicabile in materia ambientale.<\/p>\n<p><a name=\"_Toc138256119\"><\/a><strong><em>2.6 Lotta alla corruzione<\/em><\/strong><\/p>\n<p>Nume+ si impegna a contrastare la corruzione in ogni sua forma.<\/p>\n<p>\u00c8 fatto divieto di offrire, promettere o dare denaro o altre utilit\u00e0 ovvero sollecitare o richiedere denaro o altre utilit\u00e0 per ottenere prestazioni indebite a favore o da parte di Nume+.<\/p>\n<p><a name=\"_Toc138256120\"><\/a><strong><em>2.7 Integrit\u00e0 finanziaria e trasparenza della contabilit\u00e0<\/em><\/strong><\/p>\n<p>Nume+ esegue qualsiasi operazione o transazione economica e finanziaria nel rispetto della legge, assicurandone costantemente coerenza, congruit\u00e0 e verificabilit\u00e0.<\/p>\n<p>Le registrazioni contabili sono effettuate e i documenti societari sono predisposti in maniera tempestiva e accurata e sulla base di informazioni complete, veritiere, accurate e puntuali.<\/p>\n<p><a name=\"_Toc138256121\"><\/a><strong><em>2.8 Riservatezza e protezione dei dati personali<\/em><\/strong><\/p>\n<p>Tutti i dipendenti e i collaboratori di Nume+ sono tenuti a salvaguardare \u2013 secondo rigidi standard \u2013 la riservatezza, la disponibilit\u00e0 e l\u2019integrit\u00e0 delle informazioni e, in particolare, dei dati personali oggetto delle attivit\u00e0 di trattamento dai rischi di perdita, distruzione e accesso non autorizzato. A tal fine, tutti sono tenuti a rispettare la normativa di volta in volta vigente in materia di protezione dei dati personali e sicurezza delle informazioni.<\/p>\n<p>Nello svolgimento dell\u2019attivit\u00e0 lavorativa deve essere assicurata la massima riservatezza in relazione a notizie e informazioni relative a Nume+, il suo know-how, le sue attivit\u00e0, quali, a titolo esemplificativo: strategie; risultati finanziari operativi; operazioni societarie; informazioni su stipendi e personale; attivit\u00e0 di ricerca e sviluppo; dati tecnici e commerciali; eventuali attivit\u00e0 promozionali o campagne pubblicitarie.<\/p>\n<p>Anche successivamente alla cessazione del rapporto di lavoro o di altra natura, ogni conoscenza ed informazione acquisita in ragione della propria qualit\u00e0 di dipendenti e di collaboratori deve essere tutelata e, in nessun caso, impropriamente divulgata.<\/p>\n<p><a name=\"_Toc138256122\"><\/a><strong><em>2.9 Tutela della propriet\u00e0 intellettuale<\/em><\/strong><\/p>\n<p>Nume+ rispetta e protegge il contenuto di ogni forma di propriet\u00e0 intellettuale propria e altrui, si tratti di diritti d\u2019autore, brevetti, marchi, segreti commerciali o altro bene immateriale.<\/p>\n<p>\u00c8 dovere di ciascuno prevenire la divulgazione e l\u2019uso inappropriato di informazioni, processi e dati industriali di Nume+.<\/p>\n<p><a name=\"_Toc138256123\"><\/a><strong><em>2.10 Tutela del patrimonio aziendale<\/em><\/strong><\/p>\n<p>Dipendenti e collaboratori si astengono dall\u2019utilizzare a fini personali informazioni, beni e dispositivi di cui dispongono in ragione della funzione o dell\u2019incarico.<\/p>\n<p>Ciascun dipendente e collaboratore \u00e8 personalmente responsabile della conservazione e protezione dei beni e\/o delle risorse aziendali a lui affidate ovvero delle quali \u00e8 stato dotato per lo svolgimento delle proprie mansioni, garantendone un uso efficiente ed adeguato.<\/p>\n<ol start=\"3\">\n<li><a name=\"_Toc138256124\"><\/a> <strong>Rapporti con clienti<\/strong><\/li>\n<\/ol>\n<p>Nei rapporti con i clienti, Nume+ agisce e chiede ai propri amministratori, dipendenti, fornitori, consulenti e collaboratori a qualsiasi titolo di agire con professionalit\u00e0, onest\u00e0 e trasparenza.<\/p>\n<p>Qualsiasi comunicazione \u2013 informativa, commerciale o promozionale \u2013 ai clienti deve essere accurata, completa e veritiera.<\/p>\n<p>Nume+ si astiene, in ogni modo, da qualsiasi pratica ingannevole, aggressiva o comunque scorretta.<\/p>\n<p>Nume+ si assicura, inoltre, che i clienti abbiano compreso la natura dei servizi offerti, le condizioni economiche e ogni altro termine previsto dai relativi accordi commerciali e relativi ai servizi offerti.<\/p>\n<ol start=\"4\">\n<li><strong> <a name=\"_Toc138256125\"><\/a>Rapporti con fornitori, professionisti sanitari e consulenti<\/strong><\/li>\n<\/ol>\n<p>I rapporti con i fornitori, i professionisti sanitari e con tutti gli altri consulenti, sono improntati alla massima lealt\u00e0 e correttezza.<\/p>\n<p>Nume+ garantisce parit\u00e0 di trattamento ai fornitori, professionisti sanitari e ai consulenti di cui si avvale.<\/p>\n<p>I fornitori, i professionisti sanitari e tutti gli altri consulenti sono scelti e valutati sulla base di criteri oggettivi e verificabili quali la qualit\u00e0 dei servizi offerti, l\u2019economicit\u00e0, l\u2019idoneit\u00e0 tecnica e professionale a fornire i servizi, nonch\u00e9 l\u2019adesione ai principi enunciati in questo Codice e l\u2019impegno al loro rispetto e alla loro promozione.<\/p>\n<p>La concessione di omaggi da parte di fornitori e consulenti \u00e8 ammessa, a condizione che sia limitata a ricorrenze e festivit\u00e0 e che gli omaggi siano di modico valore e comunque inidonei a influenzare il processo decisionale nel corso delle negoziazioni. \u00c8 fatto divieto di ricevere omaggi da parte di professionisti sanitari.<\/p>\n<ol start=\"5\">\n<li><a name=\"_Toc138256126\"><\/a> <strong>Rapporti con dipendenti e collaboratori<\/strong><\/li>\n<\/ol>\n<p>I rapporti tra tutti coloro che operano a ogni livello nella struttura organizzativa di Nume+ devono essere improntati a criteri e comportamenti di onest\u00e0, correttezza, collaborazione, lealt\u00e0 e reciproco rispetto.<\/p>\n<p>Ai dipendenti e ai collaboratori \u00e8 richiesto di svolgere con diligenza e professionalit\u00e0 l\u2019attivit\u00e0 lavorativa, nel rispetto della legge, degli obblighi assunti contrattualmente, delle istruzioni impartite di volta in volta da Nume+ e dei principi enunciati in questo Codice.<\/p>\n<p>In caso di situazioni o attivit\u00e0, anche solo potenziali, nelle quali dipendenti e collaboratori potrebbero essere titolari di interessi, personali o economici, in conflitto con quelli di Nume+ (o qualora di tali interessi siano titolari familiari e prossimi congiunti) e in ogni altro caso in cui ricorrano rilevanti ragioni di convenienza, sono tenuti inoltre a informare senza ritardo il proprio superiore.<\/p>\n<ol start=\"6\">\n<li><a name=\"_Toc138256127\"><\/a> <strong>Rapporti con la collettivit\u00e0: comunit\u00e0 e istituzioni<\/strong><\/li>\n<\/ol>\n<p>Nei rapporti con le pubbliche amministrazioni, le organizzazioni sanitarie e con chiunque agisca in qualit\u00e0 di pubblico ufficiale o incaricato di pubblico servizio, Nume+ si impegna al pi\u00f9 rigoroso rispetto della normativa applicabile, imponendo a chi agisce per suo conto di astenersi dal porre in essere condotte anche solo potenzialmente idonee a integrare pratiche fraudolente, corruttive e\/o comunque illecite e di informare senza ritardo Nume+ di qualsiasi tentativo di frode o di corruzione di cui venga a conoscenza.<\/p>\n<p>Nume+ non finanzia alcuna organizzazione politica o sindacale ne\u0301 alcun suo esponente.<\/p>\n<ol start=\"7\">\n<li><a name=\"_Toc138256128\"><\/a> <strong>Rapporti con concorrenti<\/strong><\/li>\n<\/ol>\n<p>Nume+ osserva qualsiasi normativa in materia di concorrenza e compete sul mercato con pratiche leali e trasparenti incentrate sulla qualit\u00e0 e l\u2019innovazione dei servizi offerti.<\/p>\n<p>Nume+ richiede ai propri amministratori, dipendenti, fornitori, consulenti e collaboratori a qualsiasi titolo che operano per conto della Societ\u00e0 di agire, nei rapporti con i concorrenti, con lealt\u00e0 e trasparenza, evitando ogni tipo di concorrenza sleale, nel rispetto dei limiti imposti dalla legge.<\/p>\n<ol start=\"8\">\n<li><a name=\"_Toc138256129\"><\/a> <strong>Attuazione del Codice e segnalazioni<\/strong><\/li>\n<\/ol>\n<p>L\u2019Organismo di Vigilanza di Nume+, istituito ai sensi del d.lgs. n. 231\/2001, vigila sull\u2019applicazione del Codice, ne cura l\u2019aggiornamento e ne promuove la diffusione.<\/p>\n<p>Eventuali violazioni, o presunte tali, del Codice possono essere segnalate, preferibilmente in forma non anonima, mediante posta cartacea, inserendo all\u2019interno di una prima busta i propri dati identificativi e di contatto e una fotocopia del documento d\u2019identit\u00e0 e all\u2019interno di una seconda busta le informazioni che formano oggetto della segnalazione. Le due buste, entrambe chiuse, devono essere poi essere inserite all\u2019interno di una terza busta da indirizzare e spedire a: Nume Plus S.r.l. \u2013 c.a. Organismo di Vigilanza \u2013 Via Panciatichi 40\/11, 50127 Firenze (FI).<\/p>\n<p>Nume+ assicura alle persone segnalanti la pi\u00f9 ampia tutela contro qualsiasi forma di ritorsione e si impegna a mantenerne riservata l\u2019identit\u00e0.<\/p>\n<ol start=\"9\">\n<li><a name=\"_Toc138256130\"><\/a> <strong>Disposizioni sanzionatorie<\/strong><\/li>\n<\/ol>\n<p>La violazione del Codice da parte di dipendenti e collaboratori costituisce, oltre che un illecito disciplinare, un inadempimento delle obbligazioni derivanti dal contratto di lavoro o di collaborazione, e pu\u00f2 comportare, nei casi pi\u00f9 gravi, la risoluzione del relativo rapporto.<\/p>\n<p>Le sanzioni sono decise dall\u2019organo amministrativo della Societ\u00e0 tra quelle previste dalla contrattazione collettiva applicabile e sono proporzionate alla gravit\u00e0 della violazione.<\/p>\n<p>In caso di violazioni del Codice da parte di fornitori, consulenti, professionisti sanitari e altri collaboratori, \u00e8 facolt\u00e0 di Nume+ risolvere i rispettivi contratti, fermo ogni altro rimedio di legge.<\/p>\n<p>Nessun comportamento in violazione del Codice potr\u00e0 essere giustificato o considerato meno grave, anche se compiuto nell\u2019interesse o vantaggio di Nume+.<\/p>\n<ol start=\"10\">\n<li><a name=\"_Toc138256131\"><\/a> <strong>Vigenza<\/strong><\/li>\n<\/ol>\n<p>Il presente Codice \u00e8 stato approvato dall\u2019Amministratore Unico di Nume+ ed \u00e8 efficace dalla data di approvazione.<\/p>\n<p>Il Codice potr\u00e0 essere oggetto di aggiornamenti. In tal caso, Nume+ provveder\u00e0 a darne comunicazione mediante pubblicazione sul proprio sito istituzionale.<\/p>\n<p>\n<\/div><\/div><\/div><\/div><\/div><\/div><div class=\"bt_bb_row\"  data-bt-override-class=\"{}\"><div class=\"bt_bb_row_holder\" ><div  class=\"bt_bb_column col-xxl-12 col-xl-12 col-xs-12 col-sm-12 col-md-12 col-lg-12 bt_bb_vertical_align_top bt_bb_align_left bt_bb_padding_text_indent\" style=\"; --column-width:12;\" data-width=\"12\" data-bt-override-class=\"{&quot;bt_bb_align_&quot;:{&quot;current_class&quot;:&quot;bt_bb_align_left&quot;,&quot;def&quot;:&quot;left&quot;,&quot;xl&quot;:&quot;left&quot;}}\"><div class=\"bt_bb_column_content\"><div class=\"bt_bb_column_content_inner\"><div class=\"bt_bb_separator bt_bb_border_style_none bt_bb_top_spacing_medium\" data-bt-override-class=\"null\"><\/div><\/div><\/div><\/div><\/div><\/div><\/div><!-- cell_inner --><\/div><!-- cell --><\/div><!-- port --><div class=\"bt_bb_section_bottom_section_coverage_image\"><img decoding=\"async\" src=\"https:\/\/nume.plus\/wp-content\/uploads\/2021\/08\/purple-curve-bottom-left1280x94.png\" alt=\"bt_bb_section_bottom_section_coverage_image\" \/><\/div><\/section>","protected":false},"excerpt":{"rendered":"","protected":false},"author":4,"featured_media":0,"parent":0,"menu_order":0,"comment_status":"closed","ping_status":"closed","template":"","meta":{"cybocfi_hide_featured_image":"","footnotes":""},"class_list":["post-6813","page","type-page","status-publish","hentry"],"yoast_head":"<!-- This site is optimized with the Yoast SEO plugin v27.4 - https:\/\/yoast.com\/product\/yoast-seo-wordpress\/ -->\n<title>Codice etico - Nume Plus<\/title>\n<meta name=\"description\" content=\"INFORMATIVA PRIVACY e COOKIE POLICY Informativa dei dati ai sensi degli Articoli 13 e 14 Reg. UE 679\/2016 [GDPR]\" \/>\n<meta name=\"robots\" content=\"index, follow, max-snippet:-1, max-image-preview:large, max-video-preview:-1\" \/>\n<link rel=\"canonical\" href=\"https:\/\/nume.plus\/en\/codice-etico\/\" \/>\n<meta property=\"og:locale\" content=\"en_GB\" \/>\n<meta property=\"og:type\" content=\"article\" \/>\n<meta property=\"og:title\" content=\"Codice etico - Nume Plus\" \/>\n<meta property=\"og:description\" content=\"INFORMATIVA PRIVACY e COOKIE POLICY Informativa dei dati ai sensi degli Articoli 13 e 14 Reg. UE 679\/2016 [GDPR]\" \/>\n<meta property=\"og:url\" content=\"https:\/\/nume.plus\/en\/codice-etico\/\" \/>\n<meta property=\"og:site_name\" content=\"Nume Plus\" \/>\n<meta property=\"article:modified_time\" content=\"2023-12-15T08:50:14+00:00\" \/>\n<meta name=\"twitter:card\" content=\"summary_large_image\" \/>\n<meta name=\"twitter:label1\" content=\"Estimated reading time\" \/>\n\t<meta name=\"twitter:data1\" content=\"10 minutes\" \/>\n<script type=\"application\/ld+json\" class=\"yoast-schema-graph\">{\"@context\":\"https:\\\/\\\/schema.org\",\"@graph\":[{\"@type\":\"WebPage\",\"@id\":\"https:\\\/\\\/nume.plus\\\/codice-etico\\\/\",\"url\":\"https:\\\/\\\/nume.plus\\\/codice-etico\\\/\",\"name\":\"Codice etico - Nume Plus\",\"isPartOf\":{\"@id\":\"https:\\\/\\\/nume.plus\\\/#website\"},\"datePublished\":\"2023-12-15T08:42:35+00:00\",\"dateModified\":\"2023-12-15T08:50:14+00:00\",\"description\":\"INFORMATIVA PRIVACY e COOKIE POLICY Informativa dei dati ai sensi degli Articoli 13 e 14 Reg. UE 679\\\/2016 [GDPR]\",\"breadcrumb\":{\"@id\":\"https:\\\/\\\/nume.plus\\\/codice-etico\\\/#breadcrumb\"},\"inLanguage\":\"en-GB\",\"potentialAction\":[{\"@type\":\"ReadAction\",\"target\":[\"https:\\\/\\\/nume.plus\\\/codice-etico\\\/\"]}]},{\"@type\":\"BreadcrumbList\",\"@id\":\"https:\\\/\\\/nume.plus\\\/codice-etico\\\/#breadcrumb\",\"itemListElement\":[{\"@type\":\"ListItem\",\"position\":1,\"name\":\"Home\",\"item\":\"https:\\\/\\\/nume.plus\\\/\"},{\"@type\":\"ListItem\",\"position\":2,\"name\":\"Codice etico\"}]},{\"@type\":\"WebSite\",\"@id\":\"https:\\\/\\\/nume.plus\\\/#website\",\"url\":\"https:\\\/\\\/nume.plus\\\/\",\"name\":\"Nume Plus\",\"description\":\"Nume Plus website\",\"potentialAction\":[{\"@type\":\"SearchAction\",\"target\":{\"@type\":\"EntryPoint\",\"urlTemplate\":\"https:\\\/\\\/nume.plus\\\/?s={search_term_string}\"},\"query-input\":{\"@type\":\"PropertyValueSpecification\",\"valueRequired\":true,\"valueName\":\"search_term_string\"}}],\"inLanguage\":\"en-GB\"}]}<\/script>\n<!-- \/ Yoast SEO plugin. -->","yoast_head_json":{"title":"Codice etico - Nume Plus","description":"INFORMATIVA PRIVACY e COOKIE POLICY Informativa dei dati ai sensi degli Articoli 13 e 14 Reg. UE 679\/2016 [GDPR]","robots":{"index":"index","follow":"follow","max-snippet":"max-snippet:-1","max-image-preview":"max-image-preview:large","max-video-preview":"max-video-preview:-1"},"canonical":"https:\/\/nume.plus\/en\/codice-etico\/","og_locale":"en_GB","og_type":"article","og_title":"Codice etico - Nume Plus","og_description":"INFORMATIVA PRIVACY e COOKIE POLICY Informativa dei dati ai sensi degli Articoli 13 e 14 Reg. UE 679\/2016 [GDPR]","og_url":"https:\/\/nume.plus\/en\/codice-etico\/","og_site_name":"Nume Plus","article_modified_time":"2023-12-15T08:50:14+00:00","twitter_card":"summary_large_image","twitter_misc":{"Estimated reading time":"10 minutes"},"schema":{"@context":"https:\/\/schema.org","@graph":[{"@type":"WebPage","@id":"https:\/\/nume.plus\/codice-etico\/","url":"https:\/\/nume.plus\/codice-etico\/","name":"Codice etico - Nume Plus","isPartOf":{"@id":"https:\/\/nume.plus\/#website"},"datePublished":"2023-12-15T08:42:35+00:00","dateModified":"2023-12-15T08:50:14+00:00","description":"INFORMATIVA PRIVACY e COOKIE POLICY Informativa dei dati ai sensi degli Articoli 13 e 14 Reg. UE 679\/2016 [GDPR]","breadcrumb":{"@id":"https:\/\/nume.plus\/codice-etico\/#breadcrumb"},"inLanguage":"en-GB","potentialAction":[{"@type":"ReadAction","target":["https:\/\/nume.plus\/codice-etico\/"]}]},{"@type":"BreadcrumbList","@id":"https:\/\/nume.plus\/codice-etico\/#breadcrumb","itemListElement":[{"@type":"ListItem","position":1,"name":"Home","item":"https:\/\/nume.plus\/"},{"@type":"ListItem","position":2,"name":"Codice etico"}]},{"@type":"WebSite","@id":"https:\/\/nume.plus\/#website","url":"https:\/\/nume.plus\/","name":"Nume Plus","description":"Nume Plus website","potentialAction":[{"@type":"SearchAction","target":{"@type":"EntryPoint","urlTemplate":"https:\/\/nume.plus\/?s={search_term_string}"},"query-input":{"@type":"PropertyValueSpecification","valueRequired":true,"valueName":"search_term_string"}}],"inLanguage":"en-GB"}]}},"_links":{"self":[{"href":"https:\/\/nume.plus\/en\/wp-json\/wp\/v2\/pages\/6813","targetHints":{"allow":["GET"]}}],"collection":[{"href":"https:\/\/nume.plus\/en\/wp-json\/wp\/v2\/pages"}],"about":[{"href":"https:\/\/nume.plus\/en\/wp-json\/wp\/v2\/types\/page"}],"author":[{"embeddable":true,"href":"https:\/\/nume.plus\/en\/wp-json\/wp\/v2\/users\/4"}],"replies":[{"embeddable":true,"href":"https:\/\/nume.plus\/en\/wp-json\/wp\/v2\/comments?post=6813"}],"version-history":[{"count":3,"href":"https:\/\/nume.plus\/en\/wp-json\/wp\/v2\/pages\/6813\/revisions"}],"predecessor-version":[{"id":6816,"href":"https:\/\/nume.plus\/en\/wp-json\/wp\/v2\/pages\/6813\/revisions\/6816"}],"wp:attachment":[{"href":"https:\/\/nume.plus\/en\/wp-json\/wp\/v2\/media?parent=6813"}],"curies":[{"name":"wp","href":"https:\/\/api.w.org\/{rel}","templated":true}]}}