{"id":6840,"date":"2023-12-15T14:52:42","date_gmt":"2023-12-15T13:52:42","guid":{"rendered":"https:\/\/nume.plus\/?page_id=6840"},"modified":"2023-12-15T15:04:10","modified_gmt":"2023-12-15T14:04:10","slug":"informativa-whistleblowing","status":"publish","type":"page","link":"https:\/\/nume.plus\/en\/informativa-whistleblowing\/","title":{"rendered":"Informativa Whistleblowing"},"content":{"rendered":"<section id=\"bt_bb_section69e5c5c1f10ab\" class=\"bt_bb_section bt_bb_layout_boxed_1200 bt_bb_vertical_align_top bt_bb_bottom_section_coverage_image bt_bb_section_with_bottom_coverage_image\"  data-bt-override-class=\"null\"><div class=\"bt_bb_port\"><div class=\"bt_bb_cell\"><div class=\"bt_bb_cell_inner\"><div class=\"bt_bb_row\"  data-bt-override-class=\"{}\"><div class=\"bt_bb_row_holder\" ><div  class=\"bt_bb_column col-xxl-12 col-xl-12 col-xs-12 col-sm-12 col-md-12 col-lg-12 bt_bb_vertical_align_top bt_bb_align_left bt_bb_padding_text_indent\" style=\"; --column-width:12;\" data-width=\"12\" data-bt-override-class=\"{&quot;bt_bb_align_&quot;:{&quot;current_class&quot;:&quot;bt_bb_align_left&quot;,&quot;def&quot;:&quot;left&quot;,&quot;xl&quot;:&quot;left&quot;}}\"><div class=\"bt_bb_column_content\"><div class=\"bt_bb_column_content_inner\"><div class=\"bt_bb_separator bt_bb_border_style_none bt_bb_top_spacing_medium\" data-bt-override-class=\"null\"><\/div><\/div><\/div><\/div><\/div><\/div><div class=\"bt_bb_row\"  data-bt-override-class=\"{}\"><div class=\"bt_bb_row_holder\" ><div  class=\"bt_bb_column col-xxl-12 col-xl-12 col-xs-12 col-sm-12 col-md-12 col-lg-12 bt_bb_vertical_align_top bt_bb_align_left bt_bb_padding_text_indent bt_bb_highlight\" style=\"; --column-width:12;\" data-width=\"12\" data-bt-override-class=\"{&quot;bt_bb_align_&quot;:{&quot;current_class&quot;:&quot;bt_bb_align_left&quot;,&quot;def&quot;:&quot;left&quot;,&quot;xl&quot;:&quot;left&quot;}}\"><div class=\"bt_bb_column_content\" style=\"background-color:rgb(245,245,245);\"><div class=\"bt_bb_column_content_inner\"><div  class=\"bt_bb_text\" ><\/p>\n<p><strong>PROCEDURA DI WHISTLEBLOWING &#8211; INFORMATIVA SUL TRATTAMENTO DEI DATI PERSONALI<\/strong><\/p>\n<p><strong>(artt. 13 e 14 del Regolamento UE 2016\/679)<\/strong><\/p>\n<p><strong>\u00a0<\/strong><\/p>\n<table width=\"100%\">\n<tbody>\n<tr>\n<td width=\"16%\"><img loading=\"lazy\" decoding=\"async\" class=\"img-align-top aligncenter wp-image-6842 size-full\" src=\"https:\/\/nume.plus\/wp-content\/uploads\/2023\/12\/Immagine1.png\" alt=\"\" width=\"173\" height=\"173\" srcset=\"https:\/\/nume.plus\/wp-content\/uploads\/2023\/12\/Immagine1.png 173w, https:\/\/nume.plus\/wp-content\/uploads\/2023\/12\/Immagine1-160x160.png 160w, https:\/\/nume.plus\/wp-content\/uploads\/2023\/12\/Immagine1-12x12.png 12w\" sizes=\"auto, (max-width: 173px) 100vw, 173px\" \/><\/td>\n<td width=\"83%\">\n<p><em>Che cosa riguarda questa informativa?<\/em><\/p>\n<p>La presente informativa \u00e8 resa ai sensi degli artt. 13 e 14 del Regolamento (UE) 2016\/679 (&#8220;<strong><em>GDPR<\/em><\/strong>&#8220;) e si applica ai dati personali relativi a Lei \u2013 in qualit\u00e0 di interessato e di Persona Segnalante o di Persona Coinvolta ai sensi, rispettivamente, degli artt. 2(1)(g) e 2(1)(l) del d.lgs. n. 24\/2023\u00a0 \u2013 e raccolti da Nume Plus S.r.l., con sede legale a Firenze (FI) in Via Panciatichi 40\/11 \u2013 in qualit\u00e0 di titolare del trattamento (di seguito, la \u201c<strong><em>Societ\u00e0<\/em><\/strong>\u201d, il \u201c<strong><em>Titolare<\/em><\/strong>\u201d, \u201c<strong><em>noi<\/em><\/strong>\u201d o \u201c<strong><em>nostro<\/em><\/strong>\u201d, a seconda dei casi) \u2013 attraverso il canale di segnalazione interna attivato dalla Societ\u00e0 ai sensi del D.lgs. n. 24\/2023.<\/p>\n<\/td>\n<\/tr>\n<tr>\n<td width=\"16%\"><img loading=\"lazy\" decoding=\"async\" class=\"img-align-top aligncenter wp-image-6843\" src=\"https:\/\/nume.plus\/wp-content\/uploads\/2023\/12\/Immagine2.png\" alt=\"\" width=\"173\" height=\"173\" srcset=\"https:\/\/nume.plus\/wp-content\/uploads\/2023\/12\/Immagine2.png 173w, https:\/\/nume.plus\/wp-content\/uploads\/2023\/12\/Immagine2-160x160.png 160w, https:\/\/nume.plus\/wp-content\/uploads\/2023\/12\/Immagine2-12x12.png 12w\" sizes=\"auto, (max-width: 173px) 100vw, 173px\" \/><\/td>\n<td width=\"83%\">\n<p><em>Quali categorie di dati personali raccogliamo?<\/em><\/p>\n<p>Potremmo raccogliere le seguenti categorie di dati personali:<\/p>\n<p>(1)\u00a0\u00a0\u00a0\u00a0\u00a0 Dati identificativi come nome e cognome;<\/p>\n<p>(2)\u00a0\u00a0\u00a0\u00a0\u00a0 Dati di contatto come indirizzo\/i e-mail, numero\/i di telefono, indirizzo\/i di posta;<\/p>\n<p>(3)\u00a0\u00a0\u00a0\u00a0\u00a0 Altre informazioni relative a Lei (anche riconducibili alle particolari categorie di dati personali di cui agli artt. 9 e 10 del GDPR) incluse nelle segnalazioni o altrimenti acquisite nel corso dell\u2019eventuale istruttoria avviata dall\u2019Organismo di Vigilanza.<\/p>\n<p>Il conferimento dei Suoi dati personali \u00e8 facoltativo ma necessario per il perseguimento delle finalit\u00e0 elencate sotto; in caso di mancato conferimento dei Suoi dati personali, potrebbe essere impossibile per noi perseguire tali finalit\u00e0.<\/p>\n<\/td>\n<\/tr>\n<tr>\n<td width=\"16%\"><img loading=\"lazy\" decoding=\"async\" class=\"img-align-top aligncenter size-full wp-image-6844\" src=\"https:\/\/nume.plus\/wp-content\/uploads\/2023\/12\/Immagine3.png\" alt=\"\" width=\"173\" height=\"173\" srcset=\"https:\/\/nume.plus\/wp-content\/uploads\/2023\/12\/Immagine3.png 173w, https:\/\/nume.plus\/wp-content\/uploads\/2023\/12\/Immagine3-160x160.png 160w, https:\/\/nume.plus\/wp-content\/uploads\/2023\/12\/Immagine3-12x12.png 12w\" sizes=\"auto, (max-width: 173px) 100vw, 173px\" \/><\/td>\n<td width=\"83%\">\n<p><em>Come raccogliamo i Suoi dati personali?<\/em><\/p>\n<p>Se agisce in qualit\u00e0 di Persona Segnalante, la maggior parte dei dati personali relativi a Lei che raccogliamo ci vengono forniti direttamente da Lei a mezzo della segnalazione o nel corso dell\u2019eventuale istruttoria avviata dall\u2019Organismo di Vigilanza. Se, invece, agisce in qualit\u00e0 di Persona Coinvolta, la maggior parte dei dati personali relativi a Lei che raccogliamo ci vengono forniti dalla Persona Segnalante.<\/p>\n<p>Inoltre, sia che agisca in qualit\u00e0 di Persona Segnalante sia che agisca in qualit\u00e0 di Persona Coinvolta, potremmo raccogliere taluni Suoi dati personali anche presso terzi (ad esempio, persone sentite nel corso dell\u2019eventuale istruttoria avviata dall\u2019Organismo di Vigilanza), registri pubblici o fonti aperte.<\/p>\n<p>Non utilizziamo alcuna forma di processo decisionale esclusivamente automatizzato in relazione al trattamento dei Suoi dati personali.<\/p>\n<p><strong>\u00a0<\/strong><\/p>\n<\/td>\n<\/tr>\n<tr>\n<td width=\"16%\"><img loading=\"lazy\" decoding=\"async\" class=\"img-align-top aligncenter size-full wp-image-6845\" src=\"https:\/\/nume.plus\/wp-content\/uploads\/2023\/12\/Immagine4.png\" alt=\"\" width=\"173\" height=\"173\" srcset=\"https:\/\/nume.plus\/wp-content\/uploads\/2023\/12\/Immagine4.png 173w, https:\/\/nume.plus\/wp-content\/uploads\/2023\/12\/Immagine4-160x160.png 160w, https:\/\/nume.plus\/wp-content\/uploads\/2023\/12\/Immagine4-12x12.png 12w\" sizes=\"auto, (max-width: 173px) 100vw, 173px\" \/><\/td>\n<td width=\"83%\">\n<p><em>Per quali finalit\u00e0 e su quale base giuridica trattiamo i Suoi dati personali?<\/em><\/p>\n<p>I Suoi dati personali saranno trattati per consentirci di gestire le segnalazioni e, in particolare, per:<\/p>\n<p>(1)\u00a0\u00a0\u00a0\u00a0\u00a0 adempiere agli obblighi di legge a cui siamo soggetti;<\/p>\n<p>(2)\u00a0\u00a0\u00a0\u00a0\u00a0 proteggere il personale, il patrimonio e i beni aziendali;<\/p>\n<p>(3)\u00a0\u00a0\u00a0\u00a0\u00a0 prevenire, investigare e perseguire la commissione di reati e condotte disciplinarmente rilevanti;<\/p>\n<p>(4)\u00a0\u00a0\u00a0\u00a0\u00a0 accertare, esercitare o difendere un diritto in sede giudiziaria o amministrativa ovvero nell\u2019ambito di procedure di arbitrato o conciliazione.<\/p>\n<p>Il trattamento dei Suoi dati personali per la finalit\u00e0 <em>sub<\/em> (1) non richiede il Suo consenso in quanto \u00e8 necessario per l\u2019adempimento degli obblighi di legge cui siamo soggetti, ai sensi dell\u2019art. 6(1)(c) del GDPR. Il trattamento dei Suoi dati personali per le finalit\u00e0 <em>sub<\/em> (2), (3) e (4) non richiede il Suo consenso in quanto necessario per il perseguimento dei nostri legittimi interessi sottesi alle medesime finalit\u00e0, ai sensi degli artt. 6(1)(f) e 9(2)(f) del GDPR.<\/p>\n<p><strong>\u00a0<\/strong><\/p>\n<\/td>\n<\/tr>\n<tr>\n<td width=\"16%\"><img loading=\"lazy\" decoding=\"async\" class=\"img-align-top aligncenter size-full wp-image-6846\" src=\"https:\/\/nume.plus\/wp-content\/uploads\/2023\/12\/Immagine5.png\" alt=\"\" width=\"173\" height=\"173\" srcset=\"https:\/\/nume.plus\/wp-content\/uploads\/2023\/12\/Immagine5.png 173w, https:\/\/nume.plus\/wp-content\/uploads\/2023\/12\/Immagine5-160x160.png 160w, https:\/\/nume.plus\/wp-content\/uploads\/2023\/12\/Immagine5-12x12.png 12w\" sizes=\"auto, (max-width: 173px) 100vw, 173px\" \/><\/td>\n<td width=\"83%\">\n<p><em>Come trattiamo i Suoi dati personali?<\/em><\/p>\n<p>Qualora il canale di segnalazione interna attivato dalla Societ\u00e0 preveda la possibilit\u00e0 di effettuare segnalazioni attraverso linee telefoniche o sistemi di messaggistica vocale, la Sua voce, previo Suo consenso, potrebbe essere registrata ai fini della documentazione della segnalazione.<\/p>\n<p>Nel trattamento dei Suoi dati personali, adottiamo misure tecniche e organizzative idonee a garantire un livello di sicurezza adeguato ai rischi di distruzione, perdita, alterazione (accidentale o illegittima) dei dati personali nonch\u00e9 di comunicazione o accesso non autorizzati agli stessi.<\/p>\n<p><strong>\u00a0<\/strong><\/p>\n<\/td>\n<\/tr>\n<tr>\n<td width=\"16%\"><img loading=\"lazy\" decoding=\"async\" class=\"img-align-top aligncenter size-full wp-image-6847\" src=\"https:\/\/nume.plus\/wp-content\/uploads\/2023\/12\/Immagine6.png\" alt=\"\" width=\"173\" height=\"173\" srcset=\"https:\/\/nume.plus\/wp-content\/uploads\/2023\/12\/Immagine6.png 173w, https:\/\/nume.plus\/wp-content\/uploads\/2023\/12\/Immagine6-160x160.png 160w, https:\/\/nume.plus\/wp-content\/uploads\/2023\/12\/Immagine6-12x12.png 12w\" sizes=\"auto, (max-width: 173px) 100vw, 173px\" \/><\/td>\n<td width=\"83%\">\n<p><em>Per quanto tempo conserviamo i Suoi dati personali?<\/em><\/p>\n<p>I Suoi dati personali inclusi nelle segnalazioni e nella relativa documentazione saranno conservati per il tempo necessario a dare seguito alle stesse e comunque per non oltre cinque anni a decorrere dalla data della comunicazione dell\u2019esito finale della procedura di segnalazione.<\/p>\n<p>Resta fermo che, nel caso in cui a seguito della segnalazione decidessimo di avviare un procedimento disciplinare o di promuovere un procedimento in sede giudiziaria o amministrativa ovvero una procedura di arbitrato o di conciliazione, i Suoi dati personali saranno conservati per un tempo pari alla durata del procedimento ovvero al periodo di prescrizione dei diritti per il cui accertamento, esercizio o difesa il trattamento si rende necessario, anche se superiore ai periodi di conservazione indicati sopra.<\/p>\n<p><strong>\u00a0<\/strong><\/p>\n<\/td>\n<\/tr>\n<tr>\n<td width=\"16%\"><img loading=\"lazy\" decoding=\"async\" class=\"img-align-top aligncenter size-full wp-image-6848\" src=\"https:\/\/nume.plus\/wp-content\/uploads\/2023\/12\/Immagine7.png\" alt=\"\" width=\"173\" height=\"173\" srcset=\"https:\/\/nume.plus\/wp-content\/uploads\/2023\/12\/Immagine7.png 173w, https:\/\/nume.plus\/wp-content\/uploads\/2023\/12\/Immagine7-160x160.png 160w, https:\/\/nume.plus\/wp-content\/uploads\/2023\/12\/Immagine7-12x12.png 12w\" sizes=\"auto, (max-width: 173px) 100vw, 173px\" \/><\/td>\n<td width=\"83%\">\n<p><em>A chi vengono comunicati i Suoi dati personali?<\/em><\/p>\n<p>Se agisce in qualit\u00e0 di Persona Segnalante, i Suoi dati personali saranno trattati esclusivamente dall\u2019Organismo di Vigilanza e dai suoi Ausiliari, i quali agiranno in qualit\u00e0 di persone autorizzate al trattamento ai sensi degli artt. 29 e 32(4) del GDPR e dell\u2019art. 2-<em>quaterdecies<\/em> del D.lgs. n. 196\/2003, e non saranno comunicati a terzi senza il Suo consenso, fatto salvo quanto previsto dall\u2019art. 12 del d.lgs. n. 24\/2023 e le ulteriori eventuali eccezioni previste dalla legge.<\/p>\n<p>Se agisce in qualit\u00e0 di Persona Coinvolta, invece, i Suoi dati personali potranno essere comunicati ai seguenti soggetti, i quali agiranno quali persone autorizzate al trattamento, responsabili ovvero autonomi titolari:<\/p>\n<p>(1)\u00a0\u00a0\u00a0\u00a0\u00a0 Ausiliari;<\/p>\n<p>(2)\u00a0\u00a0\u00a0\u00a0\u00a0 persone sentite nel corso dell\u2019eventuale istruttoria avviata dall\u2019Organismo di Vigilanza;<\/p>\n<p>(3)\u00a0\u00a0\u00a0\u00a0\u00a0 nostri dipendenti o collaboratori a qualsiasi titolo;<\/p>\n<p>(4)\u00a0\u00a0\u00a0\u00a0\u00a0 dipendenti o collaboratori a qualsiasi titolo di eventuali societ\u00e0 controllanti, controllate o collegate;<\/p>\n<p>(5)\u00a0\u00a0\u00a0\u00a0\u00a0 fornitori di servizi e consulenti (ad esempio, avvocati, commercialisti, consulenti del lavoro, investigatori privati, etc.);<\/p>\n<p>(6)\u00a0\u00a0\u00a0\u00a0\u00a0 autorit\u00e0 giudiziarie e di polizia.<\/p>\n<p>Nel caso in cui alcuni dei soggetti indicati sopra abbiano sede al di fuori dello Spazio Economico Europeo (SEE), trasferiremo i Suoi dati personali, in assenza di decisioni di adeguatezza e non ricorrendo alcuna delle deroghe di cui all\u2019art. 49 del GDPR, sulla base delle clausole contrattuali standard di cui all\u2019art. 46(2)(c e d) del GDPR.<\/p>\n<p><strong>\u00a0<\/strong><\/p>\n<\/td>\n<\/tr>\n<tr>\n<td width=\"16%\"><img loading=\"lazy\" decoding=\"async\" class=\"img-align-top aligncenter size-full wp-image-6849\" src=\"https:\/\/nume.plus\/wp-content\/uploads\/2023\/12\/Immagine8.png\" alt=\"\" width=\"173\" height=\"173\" srcset=\"https:\/\/nume.plus\/wp-content\/uploads\/2023\/12\/Immagine8.png 173w, https:\/\/nume.plus\/wp-content\/uploads\/2023\/12\/Immagine8-160x160.png 160w, https:\/\/nume.plus\/wp-content\/uploads\/2023\/12\/Immagine8-12x12.png 12w\" sizes=\"auto, (max-width: 173px) 100vw, 173px\" \/><\/td>\n<td width=\"83%\">\n<p><em>I Suoi diritti ai sensi della normativa in materia di protezione dei dati personali<\/em><\/p>\n<p>Ai sensi degli artt. da 15 a 22 del GDPR, Lei ha il diritto di:<\/p>\n<p>(1)\u00a0\u00a0\u00a0\u00a0\u00a0 essere informato sulle finalit\u00e0 e modalit\u00e0 del trattamento dei dati personali;<\/p>\n<p>(2)\u00a0\u00a0\u00a0\u00a0\u00a0 accedere ai dati personali;<\/p>\n<p>(3)\u00a0\u00a0\u00a0\u00a0\u00a0 rettificare i dati personali incompleti, inesatti o non aggiornati;<\/p>\n<p>(4)\u00a0\u00a0\u00a0\u00a0\u00a0 ottenere la cancellazione dei dati personali;<\/p>\n<p>(5)\u00a0\u00a0\u00a0\u00a0\u00a0 ottenere, nei casi previsti dalla legge, la limitazione del trattamento dei dati personali;<\/p>\n<p>(6)\u00a0\u00a0\u00a0\u00a0\u00a0 opporsi in tutto o in parte, nei casi previsti dalla legge, al trattamento dei dati personali;<\/p>\n<p>(7)\u00a0\u00a0\u00a0\u00a0\u00a0 ottenere, se tecnicamente fattibile, la portabilit\u00e0 dei dati personali.<\/p>\n<p>Nel caso in cui sia richiesto il consenso per il trattamento dei dati personali, potr\u00e0, altres\u00ec, revocare in qualsiasi momento il consenso gi\u00e0 prestato, senza pregiudicare la liceit\u00e0 del trattamento basata sul consenso prestato prima della revoca.<\/p>\n<p>Pu\u00f2 esercitare i diritti di cui sopra e richiedere qualsiasi informazione sul trattamento dei dati personali contattando l\u2019Organismo di Vigilanza all\u2019indirizzo email <a href=\"mailto:plparenti@gmail.com\">plparenti@gmail.com<\/a> nonch\u00e9 inviando lettera raccomandata a Nume Plus S.r.l. \u2013 c.a. Organismo di Vigilanza \u2013 Via Panciatichi 40\/11, 50127 Firenze (FI).<\/p>\n<p>Inoltre, ha il diritto di presentare un reclamo al Garante per la Protezione dei Dati Personali (<a href=\"http:\/\/www.garanteprivacy.it\">www.garanteprivacy.it<\/a>), nel caso in cui ritenga che siano stati violati i diritti di cui \u00e8 titolare ai sensi del GDPR.<\/p>\n<p>Resta fermo che, ai sensi dell\u2019art. 2-<em>undecies<\/em> del D.lgs. n. 196\/2003, qualora dall\u2019esercizio dei diritti di cui sopra possa derivare un pregiudizio effettivo e concreto alla riservatezza dell\u2019identit\u00e0 della Persona Segnalante, non daremo seguito alla Sua richiesta. Se agisce in qualit\u00e0 di Persona Coinvolta, potremmo, in ogni caso, ritardare, limitare o escludere l\u2019esercizio dei Suoi diritti per il tempo e nei limiti in cui ci\u00f2 risulti necessario per salvaguardare la riservatezza dell\u2019identit\u00e0 della Persona Segnalante. Di ci\u00f2 Le daremo comunicazione motivata. In tal caso, potr\u00e0 esercitare i Suoi diritti tramite il Garante con le modalit\u00e0 di cui all\u2019art. 160 del D.lgs. n. 196\/2003.<\/p>\n<p><strong>\u00a0<\/strong><\/p>\n<\/td>\n<\/tr>\n<\/tbody>\n<\/table>\n<p>\n<\/div><\/div><\/div><\/div><\/div><\/div><div class=\"bt_bb_row\"  data-bt-override-class=\"{}\"><div class=\"bt_bb_row_holder\" ><div  class=\"bt_bb_column col-xxl-12 col-xl-12 col-xs-12 col-sm-12 col-md-12 col-lg-12 bt_bb_vertical_align_top bt_bb_align_left bt_bb_padding_text_indent\" style=\"; --column-width:12;\" data-width=\"12\" data-bt-override-class=\"{&quot;bt_bb_align_&quot;:{&quot;current_class&quot;:&quot;bt_bb_align_left&quot;,&quot;def&quot;:&quot;left&quot;,&quot;xl&quot;:&quot;left&quot;}}\"><div class=\"bt_bb_column_content\"><div class=\"bt_bb_column_content_inner\"><div class=\"bt_bb_separator bt_bb_border_style_none bt_bb_top_spacing_medium\" data-bt-override-class=\"null\"><\/div><\/div><\/div><\/div><\/div><\/div><\/div><!-- cell_inner --><\/div><!-- cell --><\/div><!-- port --><div class=\"bt_bb_section_bottom_section_coverage_image\"><img decoding=\"async\" src=\"https:\/\/nume.plus\/wp-content\/uploads\/2021\/08\/purple-curve-bottom-left1280x94.png\" alt=\"bt_bb_section_bottom_section_coverage_image\" \/><\/div><\/section>","protected":false},"excerpt":{"rendered":"","protected":false},"author":4,"featured_media":0,"parent":0,"menu_order":0,"comment_status":"closed","ping_status":"closed","template":"","meta":{"cybocfi_hide_featured_image":"","footnotes":""},"class_list":["post-6840","page","type-page","status-publish","hentry"],"yoast_head":"<!-- This site is optimized with the Yoast SEO plugin v27.4 - https:\/\/yoast.com\/product\/yoast-seo-wordpress\/ -->\n<title>Informativa Whistleblowing - Nume Plus<\/title>\n<meta name=\"description\" content=\"INFORMATIVA PRIVACY e COOKIE POLICY Informativa dei dati ai sensi degli Articoli 13 e 14 Reg. UE 679\/2016 [GDPR]\" \/>\n<meta name=\"robots\" content=\"index, follow, max-snippet:-1, max-image-preview:large, max-video-preview:-1\" \/>\n<link rel=\"canonical\" href=\"https:\/\/nume.plus\/en\/informativa-whistleblowing\/\" \/>\n<meta property=\"og:locale\" content=\"en_GB\" \/>\n<meta property=\"og:type\" content=\"article\" \/>\n<meta property=\"og:title\" content=\"Informativa Whistleblowing - Nume Plus\" \/>\n<meta property=\"og:description\" content=\"INFORMATIVA PRIVACY e COOKIE POLICY Informativa dei dati ai sensi degli Articoli 13 e 14 Reg. UE 679\/2016 [GDPR]\" \/>\n<meta property=\"og:url\" content=\"https:\/\/nume.plus\/en\/informativa-whistleblowing\/\" \/>\n<meta property=\"og:site_name\" content=\"Nume Plus\" \/>\n<meta property=\"article:modified_time\" content=\"2023-12-15T14:04:10+00:00\" \/>\n<meta property=\"og:image\" content=\"https:\/\/nume.plus\/wp-content\/uploads\/2023\/12\/Immagine1.png\" \/>\n<meta name=\"twitter:card\" content=\"summary_large_image\" \/>\n<meta name=\"twitter:label1\" content=\"Estimated reading time\" \/>\n\t<meta name=\"twitter:data1\" content=\"10 minutes\" \/>\n<script type=\"application\/ld+json\" class=\"yoast-schema-graph\">{\"@context\":\"https:\\\/\\\/schema.org\",\"@graph\":[{\"@type\":\"WebPage\",\"@id\":\"https:\\\/\\\/nume.plus\\\/informativa-whistleblowing\\\/\",\"url\":\"https:\\\/\\\/nume.plus\\\/informativa-whistleblowing\\\/\",\"name\":\"Informativa Whistleblowing - Nume Plus\",\"isPartOf\":{\"@id\":\"https:\\\/\\\/nume.plus\\\/#website\"},\"primaryImageOfPage\":{\"@id\":\"https:\\\/\\\/nume.plus\\\/informativa-whistleblowing\\\/#primaryimage\"},\"image\":{\"@id\":\"https:\\\/\\\/nume.plus\\\/informativa-whistleblowing\\\/#primaryimage\"},\"thumbnailUrl\":\"https:\\\/\\\/nume.plus\\\/wp-content\\\/uploads\\\/2023\\\/12\\\/Immagine1.png\",\"datePublished\":\"2023-12-15T13:52:42+00:00\",\"dateModified\":\"2023-12-15T14:04:10+00:00\",\"description\":\"INFORMATIVA PRIVACY e COOKIE POLICY Informativa dei dati ai sensi degli Articoli 13 e 14 Reg. UE 679\\\/2016 [GDPR]\",\"breadcrumb\":{\"@id\":\"https:\\\/\\\/nume.plus\\\/informativa-whistleblowing\\\/#breadcrumb\"},\"inLanguage\":\"en-GB\",\"potentialAction\":[{\"@type\":\"ReadAction\",\"target\":[\"https:\\\/\\\/nume.plus\\\/informativa-whistleblowing\\\/\"]}]},{\"@type\":\"ImageObject\",\"inLanguage\":\"en-GB\",\"@id\":\"https:\\\/\\\/nume.plus\\\/informativa-whistleblowing\\\/#primaryimage\",\"url\":\"https:\\\/\\\/nume.plus\\\/wp-content\\\/uploads\\\/2023\\\/12\\\/Immagine1.png\",\"contentUrl\":\"https:\\\/\\\/nume.plus\\\/wp-content\\\/uploads\\\/2023\\\/12\\\/Immagine1.png\"},{\"@type\":\"BreadcrumbList\",\"@id\":\"https:\\\/\\\/nume.plus\\\/informativa-whistleblowing\\\/#breadcrumb\",\"itemListElement\":[{\"@type\":\"ListItem\",\"position\":1,\"name\":\"Home\",\"item\":\"https:\\\/\\\/nume.plus\\\/\"},{\"@type\":\"ListItem\",\"position\":2,\"name\":\"Informativa Whistleblowing\"}]},{\"@type\":\"WebSite\",\"@id\":\"https:\\\/\\\/nume.plus\\\/#website\",\"url\":\"https:\\\/\\\/nume.plus\\\/\",\"name\":\"Nume Plus\",\"description\":\"Nume Plus website\",\"potentialAction\":[{\"@type\":\"SearchAction\",\"target\":{\"@type\":\"EntryPoint\",\"urlTemplate\":\"https:\\\/\\\/nume.plus\\\/?s={search_term_string}\"},\"query-input\":{\"@type\":\"PropertyValueSpecification\",\"valueRequired\":true,\"valueName\":\"search_term_string\"}}],\"inLanguage\":\"en-GB\"}]}<\/script>\n<!-- \/ Yoast SEO plugin. -->","yoast_head_json":{"title":"Informativa Whistleblowing - Nume Plus","description":"INFORMATIVA PRIVACY e COOKIE POLICY Informativa dei dati ai sensi degli Articoli 13 e 14 Reg. UE 679\/2016 [GDPR]","robots":{"index":"index","follow":"follow","max-snippet":"max-snippet:-1","max-image-preview":"max-image-preview:large","max-video-preview":"max-video-preview:-1"},"canonical":"https:\/\/nume.plus\/en\/informativa-whistleblowing\/","og_locale":"en_GB","og_type":"article","og_title":"Informativa Whistleblowing - Nume Plus","og_description":"INFORMATIVA PRIVACY e COOKIE POLICY Informativa dei dati ai sensi degli Articoli 13 e 14 Reg. UE 679\/2016 [GDPR]","og_url":"https:\/\/nume.plus\/en\/informativa-whistleblowing\/","og_site_name":"Nume Plus","article_modified_time":"2023-12-15T14:04:10+00:00","og_image":[{"url":"https:\/\/nume.plus\/wp-content\/uploads\/2023\/12\/Immagine1.png","type":"","width":"","height":""}],"twitter_card":"summary_large_image","twitter_misc":{"Estimated reading time":"10 minutes"},"schema":{"@context":"https:\/\/schema.org","@graph":[{"@type":"WebPage","@id":"https:\/\/nume.plus\/informativa-whistleblowing\/","url":"https:\/\/nume.plus\/informativa-whistleblowing\/","name":"Informativa Whistleblowing - Nume Plus","isPartOf":{"@id":"https:\/\/nume.plus\/#website"},"primaryImageOfPage":{"@id":"https:\/\/nume.plus\/informativa-whistleblowing\/#primaryimage"},"image":{"@id":"https:\/\/nume.plus\/informativa-whistleblowing\/#primaryimage"},"thumbnailUrl":"https:\/\/nume.plus\/wp-content\/uploads\/2023\/12\/Immagine1.png","datePublished":"2023-12-15T13:52:42+00:00","dateModified":"2023-12-15T14:04:10+00:00","description":"INFORMATIVA PRIVACY e COOKIE POLICY Informativa dei dati ai sensi degli Articoli 13 e 14 Reg. UE 679\/2016 [GDPR]","breadcrumb":{"@id":"https:\/\/nume.plus\/informativa-whistleblowing\/#breadcrumb"},"inLanguage":"en-GB","potentialAction":[{"@type":"ReadAction","target":["https:\/\/nume.plus\/informativa-whistleblowing\/"]}]},{"@type":"ImageObject","inLanguage":"en-GB","@id":"https:\/\/nume.plus\/informativa-whistleblowing\/#primaryimage","url":"https:\/\/nume.plus\/wp-content\/uploads\/2023\/12\/Immagine1.png","contentUrl":"https:\/\/nume.plus\/wp-content\/uploads\/2023\/12\/Immagine1.png"},{"@type":"BreadcrumbList","@id":"https:\/\/nume.plus\/informativa-whistleblowing\/#breadcrumb","itemListElement":[{"@type":"ListItem","position":1,"name":"Home","item":"https:\/\/nume.plus\/"},{"@type":"ListItem","position":2,"name":"Informativa Whistleblowing"}]},{"@type":"WebSite","@id":"https:\/\/nume.plus\/#website","url":"https:\/\/nume.plus\/","name":"Nume Plus","description":"Nume Plus website","potentialAction":[{"@type":"SearchAction","target":{"@type":"EntryPoint","urlTemplate":"https:\/\/nume.plus\/?s={search_term_string}"},"query-input":{"@type":"PropertyValueSpecification","valueRequired":true,"valueName":"search_term_string"}}],"inLanguage":"en-GB"}]}},"_links":{"self":[{"href":"https:\/\/nume.plus\/en\/wp-json\/wp\/v2\/pages\/6840","targetHints":{"allow":["GET"]}}],"collection":[{"href":"https:\/\/nume.plus\/en\/wp-json\/wp\/v2\/pages"}],"about":[{"href":"https:\/\/nume.plus\/en\/wp-json\/wp\/v2\/types\/page"}],"author":[{"embeddable":true,"href":"https:\/\/nume.plus\/en\/wp-json\/wp\/v2\/users\/4"}],"replies":[{"embeddable":true,"href":"https:\/\/nume.plus\/en\/wp-json\/wp\/v2\/comments?post=6840"}],"version-history":[{"count":4,"href":"https:\/\/nume.plus\/en\/wp-json\/wp\/v2\/pages\/6840\/revisions"}],"predecessor-version":[{"id":6855,"href":"https:\/\/nume.plus\/en\/wp-json\/wp\/v2\/pages\/6840\/revisions\/6855"}],"wp:attachment":[{"href":"https:\/\/nume.plus\/en\/wp-json\/wp\/v2\/media?parent=6840"}],"curies":[{"name":"wp","href":"https:\/\/api.w.org\/{rel}","templated":true}]}}